{"id":3399,"date":"2023-09-13T14:31:07","date_gmt":"2023-09-13T14:31:07","guid":{"rendered":"https:\/\/www.blackstonesurfcamp.com\/preguntas-frecuentes-2\/"},"modified":"2024-06-17T18:04:35","modified_gmt":"2024-06-17T18:04:35","slug":"preguntas-frecuentes-es","status":"publish","type":"page","link":"https:\/\/www.blackstonesurfcamp.com\/es\/preguntas-frecuentes-es\/","title":{"rendered":"Preguntas Frecuentes"},"content":{"rendered":"\n<div style=\"height:30px\" aria-hidden=\"true\" class=\"wp-block-spacer\"><\/div>\n\n\n\n<h2 class=\"wp-block-heading has-text-align-center title\">Preguntas Frecuentes<\/h2>\n\n\n\n<div class=\"wp-block-group transport\"><div class=\"wp-block-group__inner-container is-layout-constrained wp-block-group-is-layout-constrained\">\n<h2 class=\"wp-block-heading\">TRANSPORTE<\/h2>\n\n\n\n<div class=\"wp-block-pb-accordion-item c-accordion__item js-accordion-item no-js\" data-initially-open=\"false\" data-click-to-close=\"true\" data-auto-close=\"true\" data-scroll=\"false\" data-scroll-offset=\"0\"><h6 id=\"at-33990\" class=\"c-accordion__title js-accordion-controller\" role=\"button\">\u00bfAEROPUERTO DE LLEGADA?<\/h6><div id=\"ac-33990\" class=\"c-accordion__content\">\n<p>El aeropuerto m\u00e1s cercano es el AEROPUERTO DEL SUR, REINA SOF\u00cdA de Tenerife. Realizamos traslados diarios desde la estaci\u00f3n de autobuses \u00abCosta Adeje\u00bb en \u00abPlaya de las Am\u00e9ricas\u00bb. Debe tomar un taxi o autob\u00fas hasta aqu\u00ed y lo recogeremos all\u00ed para llevarlo al centro de surf o campamento de surf. De 09.00 a 21.00<\/p>\n\n\n\n<p>En caso de que su avi\u00f3n llegue al AEROPUERTO DEL NORTE. En su correo de confirmaci\u00f3n encontrar\u00e1 informaci\u00f3n sobre c\u00f3mo llegar all\u00ed (estaci\u00f3n de autobuses Costa Adeje) en autob\u00fas al sur o en coche de alquiler. En la secci\u00f3n de contacto, puede encontrar los enlaces y la informaci\u00f3n de contacto.<\/p>\n<\/div><\/div>\n\n\n\n<div class=\"wp-block-pb-accordion-item c-accordion__item js-accordion-item no-js\" data-initially-open=\"false\" data-click-to-close=\"true\" data-auto-close=\"true\" data-scroll=\"false\" data-scroll-offset=\"0\"><h6 id=\"at-33991\" class=\"c-accordion__title js-accordion-controller\" role=\"button\">HORARIO DE RECOGIDA EN EL AEROPUERTO<\/h6><div id=\"ac-33991\" class=\"c-accordion__content\">\n<p>El horario de traslados al aeropuerto del sur es de 9:00 a.m. a 21:00, fuera de estos horarios, el cliente debe tomar un taxi, los taxis de la casa de surf est\u00e1n reservados por el personal.<\/p>\n<\/div><\/div>\n\n\n\n<div class=\"wp-block-pb-accordion-item c-accordion__item js-accordion-item no-js\" data-initially-open=\"false\" data-click-to-close=\"true\" data-auto-close=\"true\" data-scroll=\"false\" data-scroll-offset=\"0\"><h6 id=\"at-33992\" class=\"c-accordion__title js-accordion-controller\" role=\"button\">UBICACI\u00d3N DE LA CASA DE SURF<\/h6><div id=\"ac-33992\" class=\"c-accordion__content\">\n<p>La casa de surf est\u00e1 ubicada en la zona de Marazul, a 10-15 minutos en coche de Playa de las Am\u00e9ricas, la zona tur\u00edstica del sur de Tenerife. Hay taxis y autobuses disponibles desde la casa de surf.<\/p>\n\n\n\n<p>Recomendamos alquilar un coche para tener m\u00e1s libertad fuera del horario de la escuela de surf.<\/p>\n\n\n\n<p>Puede encontrar informaci\u00f3n sobre alquiler de coches en nuestro sitio web.<\/p>\n<\/div><\/div>\n\n\n\n<div class=\"wp-block-pb-accordion-item c-accordion__item js-accordion-item no-js\" data-initially-open=\"false\" data-click-to-close=\"true\" data-auto-close=\"true\" data-scroll=\"false\" data-scroll-offset=\"0\"><h6 id=\"at-33993\" class=\"c-accordion__title js-accordion-controller\" role=\"button\">TRANSPORTE A LA PLAYA<\/h6><div id=\"ac-33993\" class=\"c-accordion__content\">\n<p>El transporte desde la casa de surf a la playa est\u00e1 incluido en todos los paquetes de surf. El transporte es para las clases de surf y no es un transporte privado. Va al centro de surf en la sesi\u00f3n de la ma\u00f1ana y regresa por la tarde-noche del centro de surf al campamento de surf.<\/p>\n\n\n\n<p>Hay autobuses y taxis desde la casa de surf. Autob\u00fas 473 directo a Playa de las Am\u00e9ricas. El taxi cuesta alrededor de 15\u20ac hasta Playa de las Am\u00e9ricas.<\/p>\n<\/div><\/div>\n\n\n\n<div class=\"wp-block-pb-accordion-item c-accordion__item js-accordion-item no-js\" data-initially-open=\"false\" data-click-to-close=\"true\" data-auto-close=\"true\" data-scroll=\"false\" data-scroll-offset=\"0\"><h6 id=\"at-33994\" class=\"c-accordion__title js-accordion-controller\" role=\"button\">RECOGIDA EN EL AEROPUERTO DEL SUR<\/h6><div id=\"ac-33994\" class=\"c-accordion__content\">\n<p>No recogemos directamente en el aeropuerto. Si llega al aeropuerto del sur, debe tomar un taxi o autob\u00fas hasta la estaci\u00f3n de autobuses \u00abCosta Adeje\u00bb. Encontrar\u00e1 toda la informaci\u00f3n en el correo de confirmaci\u00f3n con su reserva.<\/p>\n\n\n\n<p>El personal del campamento de surf estar\u00e1 en el punto de encuentro en la estaci\u00f3n de autobuses para recogerlo. N\u00daMEROS DE CONTACTO 0034 685 128 689 (ttransfers aeropuerto) 00 34 695 373 995 (surf center)<\/p>\n<\/div><\/div>\n\n\n\n<div class=\"wp-block-pb-accordion-item c-accordion__item js-accordion-item no-js\" data-initially-open=\"false\" data-click-to-close=\"true\" data-auto-close=\"true\" data-scroll=\"false\" data-scroll-offset=\"0\"><h6 id=\"at-33995\" class=\"c-accordion__title js-accordion-controller\" role=\"button\">LLEGADA AL AEROPUERTO DEL NORTE<\/h6><div id=\"ac-33995\" class=\"c-accordion__content\">\n<p>No hacemos recogidas en el aeropuerto del norte, por lo que si su vuelo llega al aeropuerto del norte de Los Rodeos-La Laguna, tiene la opci\u00f3n de tomar un autob\u00fas directo (343) a la estaci\u00f3n de autobuses \u00abCosta Adeje\u00bb en Playa de las Am\u00e9ricas, donde lo recogeremos para llevarlo a la casa de surf. Toda esta informaci\u00f3n la encontrar\u00e1 en el correo de confirmaci\u00f3n cuando termine el proceso de reserva. Recuerde que los horarios de traslado desde el aeropuerto son de 09.00 a 21.00<\/p>\n<\/div><\/div>\n<\/div><\/div>\n\n\n\n<div class=\"wp-block-group food\"><div class=\"wp-block-group__inner-container is-layout-constrained wp-block-group-is-layout-constrained\">\n<h2 class=\"wp-block-heading\">Comida<\/h2>\n\n\n\n<div class=\"wp-block-pb-accordion-item c-accordion__item js-accordion-item no-js\" data-initially-open=\"false\" data-click-to-close=\"true\" data-auto-close=\"true\" data-scroll=\"false\" data-scroll-offset=\"0\"><h6 id=\"at-33996\" class=\"c-accordion__title js-accordion-controller\" role=\"button\">\u00bfQu\u00e9 comida est\u00e1 incluida?<\/h6><div id=\"ac-33996\" class=\"c-accordion__content\">\n<p>El desayuno est\u00e1 incluido en todos los paquetes de surf. Tenemos diferentes opciones para todos los gustos. Abierto hasta las 11:00<\/p>\n\n\n\n<p>El almuerzo se realiza en la playa en Playa de las Am\u00e9ricas, donde puede encontrar diferentes restaurantes, bares y supermercados.<\/p>\n\n\n\n<p>La cena se puede hacer en el surf house y puede utilizar la cocina compartida de forma gratuita para preparar su propia cena.<\/p>\n\n\n\n<p>Disponemos de una cocina totalmente equipada para preparar sus comidas, ya sea solo o en grupo, como una barbacoa.<\/p>\n\n\n\n<p>Cerca de la escuela de surf en Playa de las Am\u00e9ricas, encontrar\u00e1 un supermercado donde hacer sus compras todos los d\u00edas.<\/p>\n\n\n\n<p>El d\u00eda de llegada lo llevaremos al supermercado para hacer sus primeras compras.<\/p>\n<\/div><\/div>\n<\/div><\/div>\n\n\n\n<div class=\"wp-block-group surfclasses\"><div class=\"wp-block-group__inner-container is-layout-constrained wp-block-group-is-layout-constrained\">\n<h2 class=\"wp-block-heading\">CLASES DE SURF<\/h2>\n\n\n\n<div class=\"wp-block-pb-accordion-item c-accordion__item js-accordion-item no-js\" data-initially-open=\"false\" data-click-to-close=\"true\" data-auto-close=\"true\" data-scroll=\"false\" data-scroll-offset=\"0\"><h6 id=\"at-33997\" class=\"c-accordion__title js-accordion-controller\" role=\"button\">\u00bfD\u00d3NDE SE LLEVAN A CABO LAS CLASES?<\/h6><div id=\"ac-33997\" class=\"c-accordion__content\">\n<p>Las clases se imparten en el famoso punto de surf Playa de las Am\u00e9ricas, el mejor lugar de surf en Tenerife para surfear, donde se encuentra nuestro centro de surf.  <a rel=\"noreferrer noopener\" href=\"http:\/\/www.blackstonesurfcenter.com\/\" target=\"_blank\">www.blackstonesurfcenter.com<\/a> <\/p>\n\n\n\n<p>Tenemos diferentes lugares para principiantes y surfistas intermedios a poca distancia a pie.<\/p>\n<\/div><\/div>\n\n\n\n<div class=\"wp-block-pb-accordion-item c-accordion__item js-accordion-item no-js\" data-initially-open=\"false\" data-click-to-close=\"true\" data-auto-close=\"true\" data-scroll=\"false\" data-scroll-offset=\"0\"><h6 id=\"at-33998\" class=\"c-accordion__title js-accordion-controller\" role=\"button\">NIVELES DE SURF Y GRUPOS<\/h6><div id=\"ac-33998\" class=\"c-accordion__content\">\n<p>Normalmente tenemos dos niveles divididos, principiantes, de pie y control de la tabla, y nivel intermedio, aprendiendo a tomar las olas y manejarse en ambas direcciones de la ola. Los grupos son de 6 estudiantes por instructor, dependiendo tambi\u00e9n de las condiciones y el nivel de los participantes.<\/p>\n\n\n\n<p>Tambi\u00e9n puede solicitar clases privadas de surf en nuestro centro de surf<\/p>\n<\/div><\/div>\n\n\n\n<div class=\"wp-block-pb-accordion-item c-accordion__item js-accordion-item no-js\" data-initially-open=\"false\" data-click-to-close=\"true\" data-auto-close=\"true\" data-scroll=\"false\" data-scroll-offset=\"0\"><h6 id=\"at-33999\" class=\"c-accordion__title js-accordion-controller\" role=\"button\">\u00bfPUEDO SURFEAR EL D\u00cdA DE LLEGADA Y EL D\u00cdA DE SALIDA?<\/h6><div id=\"ac-33999\" class=\"c-accordion__content\">\n<p>Si su horario de vuelo lo permite y los horarios de clases tambi\u00e9n, puede unirse el mismo d\u00eda de su llegada a su primera clase de surf. Los paquetes de surf no reducen los precios si los horarios de sus vuelos no coinciden con la clase de surf el d\u00eda de llegada o el d\u00eda de salida.<\/p>\n<\/div><\/div>\n\n\n\n<div class=\"wp-block-pb-accordion-item c-accordion__item js-accordion-item no-js\" data-initially-open=\"false\" data-click-to-close=\"true\" data-auto-close=\"true\" data-scroll=\"false\" data-scroll-offset=\"0\"><h6 id=\"at-339910\" class=\"c-accordion__title js-accordion-controller\" role=\"button\">DURACI\u00d3N Y QUE INCLUYEN LAS CLASES DE SURF<\/h6><div id=\"ac-339910\" class=\"c-accordion__content\">\n<p>Los paquetes de campamento de surf incluyen el paquete Blackstone con 2 clases diarias de surf o actividad (si las condiciones no son buenas para el surf) de 2 horas cada clase, incluyendo teor\u00eda y pr\u00e1ctica.  <\/p>\n\n\n\n<p>El paquete econ\u00f3mico incluye 1 lecci\u00f3n por d\u00eda o actividad (si las condiciones no son buenas para el surf) de 2 horas cada clase, incluyendo teor\u00eda y pr\u00e1ctica.  <\/p>\n\n\n\n<p>El paquete de Yoga y Surf incluye 1 lecci\u00f3n por d\u00eda o actividad (si las condiciones no son buenas para el surf) de 2 horas cada clase, incluyendo teor\u00eda y pr\u00e1ctica y 1 sesi\u00f3n de yoga por d\u00eda (de lunes a viernes)  <\/p>\n\n\n\n<p>Todo el material est\u00e1 incluido en las clases de surf.  <\/p>\n\n\n\n<p>El servicio del centro de surf en Playa de las Am\u00e9ricas de duchas y taquillas est\u00e1 disponible durante toda su estancia.<\/p>\n<\/div><\/div>\n\n\n\n<div class=\"wp-block-pb-accordion-item c-accordion__item js-accordion-item no-js\" data-initially-open=\"false\" data-click-to-close=\"true\" data-auto-close=\"true\" data-scroll=\"false\" data-scroll-offset=\"0\"><h6 id=\"at-339911\" class=\"c-accordion__title js-accordion-controller\" role=\"button\">HORARIOS DE CLASES Y PLANIFICACI\u00d3N DEL D\u00cdA<\/h6><div id=\"ac-339911\" class=\"c-accordion__content\">\n<p>Estos son los horarios normalmente de la planificaci\u00f3n semanal, dependiendo de las condiciones de las mareas y las olas, puede modificarse algo. Las clases comienzan a las 9:30 de la ma\u00f1ana, almuerzo a las 13:30, segunda clase a las 16:00, recogida de la escuela para la casa de surf alrededor de las 18:30,  <\/p>\n<\/div><\/div>\n\n\n\n<div class=\"wp-block-pb-accordion-item c-accordion__item js-accordion-item no-js\" data-initially-open=\"false\" data-click-to-close=\"true\" data-auto-close=\"true\" data-scroll=\"false\" data-scroll-offset=\"0\"><h6 id=\"at-339912\" class=\"c-accordion__title js-accordion-controller\" role=\"button\">NIVELES Y EDADES DE LOS PARTICIPANTES EN EL CAMPAMENTO DE SURF<\/h6><div id=\"ac-339912\" class=\"c-accordion__content\">\n<p>La edad promedio es de 20 a 30 a\u00f1os, es un campamento para adultos, pero se hacen excepciones con j\u00f3venes mayores de 16 a\u00f1os con permiso de los padres. El nivel: el 90% de los participantes en el campamento de surf son principiantes o intermedios, con poca o ninguna experiencia en el surf.<\/p>\n<\/div><\/div>\n\n\n\n<div class=\"wp-block-pb-accordion-item c-accordion__item js-accordion-item no-js\" data-initially-open=\"false\" data-click-to-close=\"true\" data-auto-close=\"true\" data-scroll=\"false\" data-scroll-offset=\"0\"><h6 id=\"at-339913\" class=\"c-accordion__title js-accordion-controller\" role=\"button\">\u00bfC\u00d3MO SON LAS CONDICIONES DE LAS OLAS?<\/h6><div id=\"ac-339913\" class=\"c-accordion__content\">\n<p>Tenemos olas durante todo el a\u00f1o gracias a la ubicaci\u00f3n privilegiada, recibimos oleaje del noroeste y del sur, por lo que tenemos olas para ense\u00f1ar surf durante todo el a\u00f1o. La temporada con olas m\u00e1s consistentes y de mayor tama\u00f1o es de octubre a mayo.<\/p>\n<\/div><\/div>\n\n\n\n<div class=\"wp-block-pb-accordion-item c-accordion__item js-accordion-item no-js\" data-initially-open=\"false\" data-click-to-close=\"true\" data-auto-close=\"true\" data-scroll=\"false\" data-scroll-offset=\"0\"><h6 id=\"at-339914\" class=\"c-accordion__title js-accordion-controller\" role=\"button\">\u00bfEL CAMPAMENTO EST\u00c1 ABIERTO TODO EL A\u00d1O?<\/h6><div id=\"ac-339914\" class=\"c-accordion__content\">\n<p>Abrimos todos los d\u00edas del a\u00f1o y damos clases todos los d\u00edas de la semana.<\/p>\n<\/div><\/div>\n\n\n\n<div class=\"wp-block-pb-accordion-item c-accordion__item js-accordion-item no-js\" data-initially-open=\"false\" data-click-to-close=\"true\" data-auto-close=\"true\" data-scroll=\"false\" data-scroll-offset=\"0\"><h6 id=\"at-339915\" class=\"c-accordion__title js-accordion-controller\" role=\"button\">\u00bfHAY CLASES TODOS LOS D\u00cdAS?<\/h6><div id=\"ac-339915\" class=\"c-accordion__content\">\n<p>Abrimos todos los d\u00edas del a\u00f1o y damos clases todos los d\u00edas de la semana, incluyendo s\u00e1bados y domingos.<\/p>\n<\/div><\/div>\n\n\n\n<div class=\"wp-block-pb-accordion-item c-accordion__item js-accordion-item no-js\" data-initially-open=\"false\" data-click-to-close=\"true\" data-auto-close=\"true\" data-scroll=\"false\" data-scroll-offset=\"0\"><h6 id=\"at-339916\" class=\"c-accordion__title js-accordion-controller\" role=\"button\">TEMPERATURA Y CONDICIONES DE LAS OLAS<\/h6><div id=\"ac-339916\" class=\"c-accordion__content\">\n<p>Las Islas Canarias se caracterizan por tener una temperatura suave durante todo el a\u00f1o. En invierno (diciembre a marzo-abril), la temperatura diaria es de 23\u00ba durante el d\u00eda y 15\u00ba por la noche, en verano la temperatura puede superar los 30\u00ba durante el d\u00eda y 23\u00ba por la noche. Las olas: Gracias a nuestra ubicaci\u00f3n, tenemos olas del sur y noroeste durante todo el a\u00f1o. La temporada con olas f\u00e1ciles es de mayo a septiembre y con olas m\u00e1s grandes y consistentes de septiembre a marzo.<\/p>\n<\/div><\/div>\n<\/div><\/div>\n\n\n\n<div class=\"wp-block-group activities\"><div class=\"wp-block-group__inner-container is-layout-constrained wp-block-group-is-layout-constrained\">\n<h2 class=\"wp-block-heading\">ACTIVIDADES<\/h2>\n\n\n\n<div class=\"wp-block-pb-accordion-item c-accordion__item js-accordion-item no-js\" data-initially-open=\"false\" data-click-to-close=\"true\" data-auto-close=\"true\" data-scroll=\"false\" data-scroll-offset=\"0\"><h6 id=\"at-339917\" class=\"c-accordion__title js-accordion-controller\" role=\"button\">EXCURSIONES EN LA ISLA<\/h6><div id=\"ac-339917\" class=\"c-accordion__content\">\n<p>Tenerife ofrece todo tipo de excursiones en el mar o en las monta\u00f1as. Colaboramos con otras empresas para excursiones de avistamiento de ballenas y delfines o buceo. Las reservas se realizan con 24 horas de antelaci\u00f3n y tienen un coste adicional. Si deseas visitar la isla, es recomendable alquilar un coche. Te recomendamos nuestra mejor empresa de alquiler de coches en la secci\u00f3n de contacto de nuestro sitio web.<\/p>\n<\/div><\/div>\n\n\n\n<div class=\"wp-block-pb-accordion-item c-accordion__item js-accordion-item no-js\" data-initially-open=\"false\" data-click-to-close=\"true\" data-auto-close=\"true\" data-scroll=\"false\" data-scroll-offset=\"0\"><h6 id=\"at-339918\" class=\"c-accordion__title js-accordion-controller\" role=\"button\">ACTIVIDADES INCLUIDAS EN LOS PAQUETES DE SURF<\/h6><div id=\"ac-339918\" class=\"c-accordion__content\">\n<p>Las actividades semanales que realizamos en el campamento de surf son snorkel y tecnica de surf skate para surfear. Se llevan a cabo cuando la marea no es favorable para la pr\u00e1ctica del surf y duran medio d\u00eda. Si las condiciones de las olas no son buenas o el clima no es seguro.<\/p>\n<\/div><\/div>\n\n\n\n<div class=\"wp-block-pb-accordion-item c-accordion__item js-accordion-item no-js\" data-initially-open=\"false\" data-click-to-close=\"true\" data-auto-close=\"true\" data-scroll=\"false\" data-scroll-offset=\"0\"><h6 id=\"at-339919\" class=\"c-accordion__title js-accordion-controller\" role=\"button\">CLASES DE YOGA<\/h6><div id=\"ac-339919\" class=\"c-accordion__content\">\n<p>Existen paquetes que incluyen yoga, pero tambi\u00e9n tienes la posibilidad de contratar yoga por separado de tu paquete. El precio por sesi\u00f3n es de 25 \u20ac o 125 \u20ac por 5 sesiones. Las clases son de lunes a viernes y pueden ser compartidas por hasta 5 personas por clase.<\/p>\n<\/div><\/div>\n<\/div><\/div>\n\n\n\n<div class=\"wp-block-group otherqs\"><div class=\"wp-block-group__inner-container is-layout-constrained wp-block-group-is-layout-constrained\">\n<h2 class=\"wp-block-heading\">OTRAS PREGUNTAS<\/h2>\n\n\n\n<div class=\"wp-block-pb-accordion-item c-accordion__item js-accordion-item no-js\" data-initially-open=\"false\" data-click-to-close=\"true\" data-auto-close=\"true\" data-scroll=\"false\" data-scroll-offset=\"0\"><h6 id=\"at-339920\" class=\"c-accordion__title js-accordion-controller\" role=\"button\">TOALLAS Y S\u00c1BANAS<\/h6><div id=\"ac-339920\" class=\"c-accordion__content\">\n<p>Disponemos de toallas para el ba\u00f1o y la playa, as\u00ed como s\u00e1banas.<\/p>\n<\/div><\/div>\n\n\n\n<div class=\"wp-block-pb-accordion-item c-accordion__item js-accordion-item no-js\" data-initially-open=\"false\" data-click-to-close=\"true\" data-auto-close=\"true\" data-scroll=\"false\" data-scroll-offset=\"0\"><h6 id=\"at-339921\" class=\"c-accordion__title js-accordion-controller\" role=\"button\">\u00bfVIAJAR SOLO?<\/h6><div id=\"ac-339921\" class=\"c-accordion__content\">\n<p>La mayor\u00eda de las personas viajan solas. No son grupos cerrados y la edad media es de 20 a 30 a\u00f1os, con participantes de toda Europa.<\/p>\n<\/div><\/div>\n\n\n\n<div class=\"wp-block-pb-accordion-item c-accordion__item js-accordion-item no-js\" data-initially-open=\"false\" data-click-to-close=\"true\" data-auto-close=\"true\" data-scroll=\"false\" data-scroll-offset=\"0\"><h6 id=\"at-339922\" class=\"c-accordion__title js-accordion-controller\" role=\"button\">\u00bfPUEDO LLEGAR CUALQUIER D\u00cdA DE LA SEMANA?<\/h6><div id=\"ac-339922\" class=\"c-accordion__content\">\n<p>No hay un d\u00eda fijo de llegada. Puedes llegar cualquier d\u00eda de la semana y unirte a las clases de surf cualquier d\u00eda.<\/p>\n<\/div><\/div>\n\n\n\n<div class=\"wp-block-pb-accordion-item c-accordion__item js-accordion-item no-js\" data-initially-open=\"false\" data-click-to-close=\"true\" data-auto-close=\"true\" data-scroll=\"false\" data-scroll-offset=\"0\"><h6 id=\"at-339923\" class=\"c-accordion__title js-accordion-controller\" role=\"button\">TIPOS DE HABITACIONES<\/h6><div id=\"ac-339923\" class=\"c-accordion__content\">\n<p>Tenemos 3 tipos de habitaciones: 2 habitaciones compartidas para 4 personas (divididas entre chicos y chicas, siempre que sea posible), 2 habitaciones dobles con 1 cama doble o 2 camas individuales para dos personas, y 1 habitaci\u00f3n triple para 3 personas con camas individuales. Los ba\u00f1os son compartidos, al igual que la sala de estar y la cocina.<\/p>\n<\/div><\/div>\n\n\n\n<div class=\"wp-block-pb-accordion-item c-accordion__item js-accordion-item no-js\" data-initially-open=\"false\" data-click-to-close=\"true\" data-auto-close=\"true\" data-scroll=\"false\" data-scroll-offset=\"0\"><h6 id=\"at-339924\" class=\"c-accordion__title js-accordion-controller\" role=\"button\">PAGO<\/h6><div id=\"ac-339924\" class=\"c-accordion__content\">\n<p>El pago se realiza como dep\u00f3sito al reservar el 20%, y el resto se paga en efectivo a la llegada al campamento de surf. Puedes encontrar cajeros autom\u00e1ticos cerca de la escuela de surf.<\/p>\n<\/div><\/div>\n<\/div><\/div>\n","protected":false},"excerpt":{"rendered":"<p>Preguntas Frecuentes TRANSPORTE Comida CLASES DE SURF ACTIVIDADES OTRAS PREGUNTAS<\/p>\n","protected":false},"author":1,"featured_media":0,"parent":0,"menu_order":0,"comment_status":"closed","ping_status":"closed","template":"","meta":{"neve_meta_sidebar":"","neve_meta_container":"","neve_meta_enable_content_width":"","neve_meta_content_width":0,"neve_meta_title_alignment":"","neve_meta_author_avatar":"","neve_post_elements_order":"","neve_meta_disable_header":"","neve_meta_disable_footer":"","neve_meta_disable_title":"","neve_meta_reading_time":"","footnotes":""},"class_list":["post-3399","page","type-page","status-publish","hentry"],"_links":{"self":[{"href":"https:\/\/www.blackstonesurfcamp.com\/es\/wp-json\/wp\/v2\/pages\/3399","targetHints":{"allow":["GET"]}}],"collection":[{"href":"https:\/\/www.blackstonesurfcamp.com\/es\/wp-json\/wp\/v2\/pages"}],"about":[{"href":"https:\/\/www.blackstonesurfcamp.com\/es\/wp-json\/wp\/v2\/types\/page"}],"author":[{"embeddable":true,"href":"https:\/\/www.blackstonesurfcamp.com\/es\/wp-json\/wp\/v2\/users\/1"}],"replies":[{"embeddable":true,"href":"https:\/\/www.blackstonesurfcamp.com\/es\/wp-json\/wp\/v2\/comments?post=3399"}],"version-history":[{"count":3,"href":"https:\/\/www.blackstonesurfcamp.com\/es\/wp-json\/wp\/v2\/pages\/3399\/revisions"}],"predecessor-version":[{"id":5503,"href":"https:\/\/www.blackstonesurfcamp.com\/es\/wp-json\/wp\/v2\/pages\/3399\/revisions\/5503"}],"wp:attachment":[{"href":"https:\/\/www.blackstonesurfcamp.com\/es\/wp-json\/wp\/v2\/media?parent=3399"}],"curies":[{"name":"wp","href":"https:\/\/api.w.org\/{rel}","templated":true}]}}