{"id":3396,"date":"2023-08-06T19:28:02","date_gmt":"2023-08-06T19:28:02","guid":{"rendered":"https:\/\/www.blackstonesurfcamp.com\/preguntas-frecuentes\/"},"modified":"2025-09-16T20:16:51","modified_gmt":"2025-09-16T20:16:51","slug":"preguntas-frecuentes","status":"publish","type":"page","link":"https:\/\/www.blackstonesurfcamp.com\/es\/preguntas-frecuentes\/","title":{"rendered":"Preguntas frecuentes"},"content":{"rendered":"\n<div style=\"height:30px\" aria-hidden=\"true\" class=\"wp-block-spacer\"><\/div>\n\n<h2 class=\"wp-block-heading has-text-align-center title\">Preguntas frecuentes<\/h2>\n\n<div class=\"wp-block-group transport\"><div class=\"wp-block-group__inner-container is-layout-constrained wp-block-group-is-layout-constrained\">\n<h2 class=\"wp-block-heading\">TRANSPORTE<\/h2>\n\n\n\n<div class=\"wp-block-pb-accordion-item c-accordion__item js-accordion-item no-js\" data-initially-open=\"false\" data-click-to-close=\"true\" data-auto-close=\"true\" data-scroll=\"false\" data-scroll-offset=\"0\"><h6 id=\"at-19080\" class=\"c-accordion__title js-accordion-controller\" role=\"button\">ARRIVAL AIRPORT?<\/h6><div id=\"ac-19080\" class=\"c-accordion__content\">\n<p>El aeropuerto m\u00e1s cercano es el AEROPUERTO SUR, REINA SOFIA de Tenerife. Hacemos traslados diarios desde la estaci\u00f3n de autobuses de costa adeje en playa de las americas Debes coger un taxi o autob\u00fas hasta aqu\u00ed y all\u00ed te recogeremos para llevarte al centro de surf o surf camp De 09.00 a 21.00<\/p>\n\n\n\n<p>en caso de que su avi\u00f3n llegue al AEROPUERTO NORTE. En su correo electr\u00f3nico de confirmaci\u00f3n encontrar\u00e1 informaci\u00f3n sobre c\u00f3mo llegar (estaci\u00f3n de autobuses costa Adeje) en autob\u00fas hacia el sur o en coche de alquiler. En la secci\u00f3n de contacto puede encontrar los enlaces y la informaci\u00f3n de contacto.<\/p>\n<\/div><\/div>\n\n\n\n<div class=\"wp-block-pb-accordion-item c-accordion__item js-accordion-item no-js\" data-initially-open=\"false\" data-click-to-close=\"true\" data-auto-close=\"true\" data-scroll=\"false\" data-scroll-offset=\"0\"><h6 id=\"at-19081\" class=\"c-accordion__title js-accordion-controller\" role=\"button\">AIRPORT PICK-UP SCHEDULE<\/h6><div id=\"ac-19081\" class=\"c-accordion__content\">\n<p>El horario de traslados al aeropuerto Sur es de 9.00 a 21.00, fuera de estos horarios el cliente debe tomar un taxi, los taxis de la surf house son reservados por el personal.<\/p>\n<\/div><\/div>\n\n\n\n<div class=\"wp-block-pb-accordion-item c-accordion__item js-accordion-item no-js\" data-initially-open=\"false\" data-click-to-close=\"true\" data-auto-close=\"true\" data-scroll=\"false\" data-scroll-offset=\"0\"><h6 id=\"at-19082\" class=\"c-accordion__title js-accordion-controller\" role=\"button\">LOCATION OF SURF HOUSE?<\/h6><div id=\"ac-19082\" class=\"c-accordion__content\">\n<p>La surf house esta situada en la zona de marazul-wildcat a 10-15 mins en coche de playa de las americas, la zona turistica del sur de Tenerife. Hay taxis y autobuses disponibles desde la casa del surfista.<\/p>\n\n\n\n<p>Recomendamos alquilar un coche para estar m\u00e1s libre del horario de la escuela de surf.<\/p>\n\n\n\n<p>Encontrar\u00e1 informaci\u00f3n sobre coches de alquiler en nuestro sitio web.<\/p>\n<\/div><\/div>\n\n\n\n<div class=\"wp-block-pb-accordion-item c-accordion__item js-accordion-item no-js\" data-initially-open=\"false\" data-click-to-close=\"true\" data-auto-close=\"true\" data-scroll=\"false\" data-scroll-offset=\"0\"><h6 id=\"at-19083\" class=\"c-accordion__title js-accordion-controller\" role=\"button\">TRANSPORTATION TO THE BEACH?<\/h6><div id=\"ac-19083\" class=\"c-accordion__content\">\n<p>El transporte desde la surf house hasta la playa est\u00e1 incluido en todos los packs de surf. El transporte es para las clases de surf, y no es un transporte privado. Es ir al centro de surf en la sesi\u00f3n de la ma\u00f1ana y volver por la tarde del centro de surf al campamento de surf.<\/p>\n\n\n\n<p>Hay autobuses y taxis desde la casa de surf. Autob\u00fas 473 directo a playa de las americas El taxi cuesta unos 15\u20ac hasta playa de las americas.<\/p>\n<\/div><\/div>\n\n\n\n<div class=\"wp-block-pb-accordion-item c-accordion__item js-accordion-item no-js\" data-initially-open=\"false\" data-click-to-close=\"true\" data-auto-close=\"true\" data-scroll=\"false\" data-scroll-offset=\"0\"><h6 id=\"at-19084\" class=\"c-accordion__title js-accordion-controller\" role=\"button\">SOUTH AIRPORT PICK UP<\/h6><div id=\"ac-19084\" class=\"c-accordion__content\">\n<p>No recogemos directamente en el aeropuerto. Si llegas al aeropuerto del Sur deber\u00e1s coger un taxi o autob\u00fas hasta la estaci\u00f3n de Autobuses \u00abcosta Adeje\u00bb encontrar\u00e1s toda la informaci\u00f3n en el email de confirmaci\u00f3n con tu reserva.<\/p>\n\n\n\n<p>El personal del campamento de surf estar\u00e1 en el punto de encuentro de la estaci\u00f3n de autobuses para recogerte. TEL\u00c9FONOS DE CONTACTO 0034 685 128 689 (transfer aeropuerto)00 34 695 373 995 (centro)<\/p>\n<\/div><\/div>\n\n\n\n<div class=\"wp-block-pb-accordion-item c-accordion__item js-accordion-item no-js\" data-initially-open=\"false\" data-click-to-close=\"true\" data-auto-close=\"true\" data-scroll=\"false\" data-scroll-offset=\"0\"><h6 id=\"at-19085\" class=\"c-accordion__title js-accordion-controller\" role=\"button\">NORTH AIRPORT ARRIVAL<\/h6><div id=\"ac-19085\" class=\"c-accordion__content\">\n<p>No recogemos en el aeropuerto norte, asi que si tu vuelo llega al aeropuerto norte de los rodeos-la laguna tienes la opcion de coger un autobus directo (343) hasta la estacion de autobuses \u00abcosta adeje\u00bb en playa de las americas donde te recogeremos para llevarte a la surf house. Toda esta informaci\u00f3n la encontrar\u00e1s en el email de confirmaci\u00f3n cuando finalices el proceso de reserva. Recuerde que los horarios de traslado al aeropuerto son de 09.00 a 21.00<\/p>\n<\/div><\/div>\n<\/div><\/div>\n\n<div class=\"wp-block-group food\"><div class=\"wp-block-group__inner-container is-layout-constrained wp-block-group-is-layout-constrained\">\n<h2 class=\"wp-block-heading\">Alimentaci\u00f3n<\/h2>\n\n\n\n<div class=\"wp-block-pb-accordion-item c-accordion__item js-accordion-item no-js\" data-initially-open=\"false\" data-click-to-close=\"true\" data-auto-close=\"true\" data-scroll=\"false\" data-scroll-offset=\"0\"><h6 id=\"at-19086\" class=\"c-accordion__title js-accordion-controller\" role=\"button\">What food is included?<\/h6><div id=\"ac-19086\" class=\"c-accordion__content\">\n<p>El desayuno est\u00e1 incluido en todos los paquetes de surf. Tenemos diferentes opciones en \u00e9l para todas las personas.Abierto hasta las 11.00<\/p>\n\n\n\n<p>El almuerzo es en la playa de las americas, puedes encontrar diferentes restaurantes bar y supermercados alrededor.<\/p>\n\n\n\n<p>La cena es en la casa de surf y puedes utilizar la cocina compartida gratuita para preparar tu propia cena.<\/p>\n\n\n\n<p>Tenemos una cocina totalmente equipada para preparar sus comidas solo o con el grupo como una barbacoa.<\/p>\n\n\n\n<p>Cerca de la escuela de surf en playa de las americas tienes un supermercado para hacer la compra todos los dias.  <\/p>\n\n\n\n<p>El d\u00eda de llegada te llevaremos al supermercado para que accedas a tus primeras compras.<\/p>\n<\/div><\/div>\n<\/div><\/div>\n\n<div class=\"wp-block-group surfclasses\"><div class=\"wp-block-group__inner-container is-layout-constrained wp-block-group-is-layout-constrained\">\n<h2 class=\"wp-block-heading\">CLASES DE SURF<\/h2>\n\n\n\n<div class=\"wp-block-pb-accordion-item c-accordion__item js-accordion-item no-js\" data-initially-open=\"false\" data-click-to-close=\"true\" data-auto-close=\"true\" data-scroll=\"false\" data-scroll-offset=\"0\"><h6 id=\"at-19087\" class=\"c-accordion__title js-accordion-controller\" role=\"button\">WHERE DO THE CLASSES TAKE PLACE?<\/h6><div id=\"ac-19087\" class=\"c-accordion__content\">\n<p>Las clases se imparten en la famosa playa de las americas, el mejor surf spot de tenerife para la practica del surf, donde se encuentra nuestro centro de surf.  <a rel=\"noreferrer noopener\" href=\"http:\/\/www.blackstonesurfcenter.com\/\" target=\"_blank\">www.blackstonesurfcenter.com<\/a> <\/p>\n\n\n\n<p>Tenemos diferentes spots para surfistas principiantes e intermedios a poca distancia a pie.<\/p>\n<\/div><\/div>\n\n\n\n<div class=\"wp-block-pb-accordion-item c-accordion__item js-accordion-item no-js\" data-initially-open=\"false\" data-click-to-close=\"true\" data-auto-close=\"true\" data-scroll=\"false\" data-scroll-offset=\"0\"><h6 id=\"at-19088\" class=\"c-accordion__title js-accordion-controller\" role=\"button\">SURF LEVELS AND GROUPS?<\/h6><div id=\"ac-19088\" class=\"c-accordion__content\">\n<p>Tenemos dos niveles normalmente divididos, principiantes, de pie y control de la tabla y nivel intermedio aprendiendo ya a tomar paredes de las olas y manejarse en ambas direcciones de la ola. Los grupos son de 6 alumnos por monitor dependiendo tambi\u00e9n de las condiciones y nivel de los participantes.<\/p>\n\n\n\n<p>Tambi\u00e9n puedes solicitar clases particulares de surf en nuestro centro de surf<\/p>\n<\/div><\/div>\n\n\n\n<div class=\"wp-block-pb-accordion-item c-accordion__item js-accordion-item no-js\" data-initially-open=\"false\" data-click-to-close=\"true\" data-auto-close=\"true\" data-scroll=\"false\" data-scroll-offset=\"0\"><h6 id=\"at-19089\" class=\"c-accordion__title js-accordion-controller\" role=\"button\">CAN I SURF ON ARRIVAL DAY AND DEPARTURE DAY?<\/h6><div id=\"ac-19089\" class=\"c-accordion__content\">\n<p>Si tus horarios de vuelo te lo permiten y los de la clase tambi\u00e9n, puedes incorporarte el mismo d\u00eda de tu llegada a tu primera clase de surf. Los packs de surf no descuentan los precios si los horarios de tus vuelos no coinciden con la clase de surf del d\u00eda de llegada o de salida.<\/p>\n<\/div><\/div>\n\n\n\n<div class=\"wp-block-pb-accordion-item c-accordion__item js-accordion-item no-js\" data-initially-open=\"false\" data-click-to-close=\"true\" data-auto-close=\"true\" data-scroll=\"false\" data-scroll-offset=\"0\"><h6 id=\"at-190810\" class=\"c-accordion__title js-accordion-controller\" role=\"button\">DURATION AND INCLUDING SURF LESSONS?<\/h6><div id=\"ac-190810\" class=\"c-accordion__content\">\n<p>Los packs del surf camp incluyen blackstone pack 2 clases diarias de surf o actividad (si las condiciones no son buenas para surfear) de 2 horas cada clase, incluyendo teor\u00eda y pr\u00e1ctica.  <\/p>\n\n\n\n<p>El pack econ\u00f3mico incluye 1 clase al d\u00eda o actividad si las condiciones no son buenas para el surf) de 2 horas cada clase, incluyendo teor\u00eda y pr\u00e1ctica.  <\/p>\n\n\n\n<p>El pack yoga &amp; surf incluye 1 clase al d\u00eda o actividad (si las condiciones no son buenas para surfear) de 2 horas cada clase, incluyendo teor\u00eda y pr\u00e1ctica y 1 sesi\u00f3n de yoga al d\u00eda (de lunes a viernes).  <\/p>\n\n\n\n<p>Todo el material est\u00e1 incluido tambi\u00e9n en las clases de surf.  <\/p>\n\n\n\n<p>El servicio del centro de surf en playa de las americas de duchas y taquillas esta disponible durante toda tu estancia.<\/p>\n<\/div><\/div>\n\n\n\n<div class=\"wp-block-pb-accordion-item c-accordion__item js-accordion-item no-js\" data-initially-open=\"false\" data-click-to-close=\"true\" data-auto-close=\"true\" data-scroll=\"false\" data-scroll-offset=\"0\"><h6 id=\"at-190811\" class=\"c-accordion__title js-accordion-controller\" role=\"button\">CLASS SCHEDULES AND PLANNING OF THE DAY?<\/h6><div id=\"ac-190811\" class=\"c-accordion__content\">\n<p>Estos son los horarios normalmente del planing semanal, dependiendo de las condiciones de las mareas y las olas se puede modificar algo. Las clases comienzan a las 9:30 de la ma\u00f1ana, almuerzo a las 13:30, segunda clase a las 16:00, recogida en la escuela para ir a surf house sobre las 18:30,  <\/p>\n<\/div><\/div>\n\n\n\n<div class=\"wp-block-pb-accordion-item c-accordion__item js-accordion-item no-js\" data-initially-open=\"false\" data-click-to-close=\"true\" data-auto-close=\"true\" data-scroll=\"false\" data-scroll-offset=\"0\"><h6 id=\"at-190812\" class=\"c-accordion__title js-accordion-controller\" role=\"button\">LEVELS AND AGE OF THE PARTICIPANTS IN SURF CAMP?<\/h6><div id=\"ac-190812\" class=\"c-accordion__content\">\n<p>La edad media es de 20 a 30 a\u00f1os, es un campamento para adultos pero se hacen excepciones con j\u00f3venes mayores de 16 a\u00f1os con permiso paterno. El nivel: el 90% de los participantes en el campamento de surf son principiantes o intermedios, con alguna o ninguna experiencia en el surf.<\/p>\n<\/div><\/div>\n\n\n\n<div class=\"wp-block-pb-accordion-item c-accordion__item js-accordion-item no-js\" data-initially-open=\"false\" data-click-to-close=\"true\" data-auto-close=\"true\" data-scroll=\"false\" data-scroll-offset=\"0\"><h6 id=\"at-190813\" class=\"c-accordion__title js-accordion-controller\" role=\"button\">HOW ARE THE CONDITIONS OF WAVES?<\/h6><div id=\"ac-190813\" class=\"c-accordion__content\">\n<p>Tenemos olas todo el a\u00f1o gracias a la ubicaci\u00f3n privilegiada recibimos oleaje del noroeste y del sur por lo que tenemos olas para ense\u00f1ar a surfear todo el a\u00f1o. La temporada d tal consistencia y mayor tama\u00f1o de las olas es de octubre a mayo.<\/p>\n<\/div><\/div>\n\n\n\n<div class=\"wp-block-pb-accordion-item c-accordion__item js-accordion-item no-js\" data-initially-open=\"false\" data-click-to-close=\"true\" data-auto-close=\"true\" data-scroll=\"false\" data-scroll-offset=\"0\"><h6 id=\"at-190814\" class=\"c-accordion__title js-accordion-controller\" role=\"button\">CAMP OPENS ALL YEAR ROUND?<\/h6><div id=\"ac-190814\" class=\"c-accordion__content\">\n<p>Abrimos todos los d\u00edas del a\u00f1o e impartimos clases todos los d\u00edas de la semana.<\/p>\n<\/div><\/div>\n\n\n\n<div class=\"wp-block-pb-accordion-item c-accordion__item js-accordion-item no-js\" data-initially-open=\"false\" data-click-to-close=\"true\" data-auto-close=\"true\" data-scroll=\"false\" data-scroll-offset=\"0\"><h6 id=\"at-190815\" class=\"c-accordion__title js-accordion-controller\" role=\"button\">ARE THESE CLASSES EVERY DAY?<\/h6><div id=\"ac-190815\" class=\"c-accordion__content\">\n<p>Abrimos todos los d\u00edas del a\u00f1o e impartimos clases todos los d\u00edas de la semana, incluidos s\u00e1bados y domingos.<\/p>\n<\/div><\/div>\n\n\n\n<div class=\"wp-block-pb-accordion-item c-accordion__item js-accordion-item no-js\" data-initially-open=\"false\" data-click-to-close=\"true\" data-auto-close=\"true\" data-scroll=\"false\" data-scroll-offset=\"0\"><h6 id=\"at-190816\" class=\"c-accordion__title js-accordion-controller\" role=\"button\">TEMPERATURE AND CONDITIONS OF WAVES?<\/h6><div id=\"ac-190816\" class=\"c-accordion__content\">\n<p>Los canarios se caracterizan por tener una temperatura suave durante todo el a\u00f1o, en invierno (diciembre a marzo abril) la temperatura diaria es de 23\u00ba por el d\u00eda y 15\u00ba por la noche, en verano la temperatura puede ser de m\u00e1s de 30\u00ba por el d\u00eda y 23\u00ba por la noche. Las olas: Por nuestra ubicaci\u00f3n tenemos olas de sur y noroeste todo el a\u00f1o, la temporada con olas f\u00e1ciles es de mayo a septiembre y de olas m\u00e1s grandes y consistentes de septiembre a marzo.<\/p>\n<\/div><\/div>\n<\/div><\/div>\n\n<div class=\"wp-block-group activities\"><div class=\"wp-block-group__inner-container is-layout-constrained wp-block-group-is-layout-constrained\">\n<h2 class=\"wp-block-heading\">ACTIVIDADES<\/h2>\n\n\n\n<div class=\"wp-block-pb-accordion-item c-accordion__item js-accordion-item no-js\" data-initially-open=\"false\" data-click-to-close=\"true\" data-auto-close=\"true\" data-scroll=\"false\" data-scroll-offset=\"0\"><h6 id=\"at-190817\" class=\"c-accordion__title js-accordion-controller\" role=\"button\">EXCURSIONS OR EXCURSIONS ON THE ISLAND?<\/h6><div id=\"ac-190817\" class=\"c-accordion__content\">\n<p>Tenerife ofrece todo tipo de excursiones en el mar o en la monta\u00f1a, tenemos colaboraci\u00f3n con otras empresas para excursiones <a href=\"http:\/\/www.emocionatetours.com\" data-type=\"link\" data-id=\"www.emocionatetours.com\">www.emocionatetours.com<\/a> de avistamiento de ballenas y delfines o buceo. Las reservas se hacen con 24 horas de antelaci\u00f3n y tienen un coste adicional. Si desea visitar la isla es aconsejable alquilar un coche, le recomendamos en nuestra web, en la secci\u00f3n de contacto, nuestra mejor empresa de alquiler de coches de calidad.<\/p>\n<\/div><\/div>\n\n\n\n<div class=\"wp-block-pb-accordion-item c-accordion__item js-accordion-item no-js\" data-initially-open=\"false\" data-click-to-close=\"true\" data-auto-close=\"true\" data-scroll=\"false\" data-scroll-offset=\"0\"><h6 id=\"at-190818\" class=\"c-accordion__title js-accordion-controller\" role=\"button\">ACTIVITIES INCLUDED IN SURF PACKS?<\/h6><div id=\"ac-190818\" class=\"c-accordion__content\">\n<p>Las actividades semanales que realizamos en el campamento de surf son, snorkel y t\u00e9cnica con skate para surfear. Se llevan a cabo cuando la marea no es favorable para la pr\u00e1ctica del surf y duran media jornada. Si las condiciones de las olas no son buenas o el tiempo no es seguro.<\/p>\n<\/div><\/div>\n\n\n\n<div class=\"wp-block-pb-accordion-item c-accordion__item js-accordion-item no-js\" data-initially-open=\"false\" data-click-to-close=\"true\" data-auto-close=\"true\" data-scroll=\"false\" data-scroll-offset=\"0\"><h6 id=\"at-190819\" class=\"c-accordion__title js-accordion-controller\" role=\"button\">ACTIVITIES INCLUDED IN SURF PACKS?<\/h6><div id=\"ac-190819\" class=\"c-accordion__content\">\n<p>Las actividades semanales que realizamos en el campamento de surf son, snorkel y t\u00e9cnica con skate para surfear. Se llevan a cabo cuando la marea no es favorable para la pr\u00e1ctica del surf y duran media jornada. Si las condiciones de las olas no son buenas o el tiempo no es seguro.<\/p>\n<\/div><\/div>\n\n\n\n<div class=\"wp-block-pb-accordion-item c-accordion__item js-accordion-item no-js\" data-initially-open=\"false\" data-click-to-close=\"true\" data-auto-close=\"true\" data-scroll=\"false\" data-scroll-offset=\"0\"><h6 id=\"at-190820\" class=\"c-accordion__title js-accordion-controller\" role=\"button\">YOGA CLASSES?<\/h6><div id=\"ac-190820\" class=\"c-accordion__content\">\n<p>Hay packs con yoga incluido pero hay posibilidad de contratar yoga aparte de tu pack, el precio por sesi\u00f3n es de 25\u20ac o 125\u20ac 5 sesiones, las clases son de lunes a viernes y se pueden repartir entre 5 personas cada clase.<\/p>\n<\/div><\/div>\n<\/div><\/div>\n\n<div class=\"wp-block-group otherqs\"><div class=\"wp-block-group__inner-container is-layout-constrained wp-block-group-is-layout-constrained\">\n<h2 class=\"wp-block-heading\">OTRAS CUESTIONES<\/h2>\n\n\n\n<div class=\"wp-block-pb-accordion-item c-accordion__item js-accordion-item no-js\" data-initially-open=\"false\" data-click-to-close=\"true\" data-auto-close=\"true\" data-scroll=\"false\" data-scroll-offset=\"0\"><h6 id=\"at-190821\" class=\"c-accordion__title js-accordion-controller\" role=\"button\">TOWELS AND SHEETS?<\/h6><div id=\"ac-190821\" class=\"c-accordion__content\">\n<p>Tenemos toallas para el ba\u00f1o y la playa y s\u00e1banas.<\/p>\n<\/div><\/div>\n\n\n\n<div class=\"wp-block-pb-accordion-item c-accordion__item js-accordion-item no-js\" data-initially-open=\"false\" data-click-to-close=\"true\" data-auto-close=\"true\" data-scroll=\"false\" data-scroll-offset=\"0\"><h6 id=\"at-190822\" class=\"c-accordion__title js-accordion-controller\" role=\"button\">It&#8217;s Okay to travel alone?<\/h6><div id=\"ac-190822\" class=\"c-accordion__content\">\n<p>La mayor\u00eda de la gente viene sola, no son grupos cerrados, la media de edad es de 20 a 30 a\u00f1os de toda Europa.<\/p>\n<\/div><\/div>\n\n\n\n<div class=\"wp-block-pb-accordion-item c-accordion__item js-accordion-item no-js\" data-initially-open=\"false\" data-click-to-close=\"true\" data-auto-close=\"true\" data-scroll=\"false\" data-scroll-offset=\"0\"><h6 id=\"at-190823\" class=\"c-accordion__title js-accordion-controller\" role=\"button\">CAN I ARRIVE ANY DAY OF THE WEEK?<\/h6><div id=\"ac-190823\" class=\"c-accordion__content\">\n<p>No hay un d\u00eda fijo de llegada, puedes llegar cualquier d\u00eda de la semana e incorporarte cualquier d\u00eda a las clases de surf.<\/p>\n<\/div><\/div>\n\n\n\n<div class=\"wp-block-pb-accordion-item c-accordion__item js-accordion-item no-js\" data-initially-open=\"false\" data-click-to-close=\"true\" data-auto-close=\"true\" data-scroll=\"false\" data-scroll-offset=\"0\"><h6 id=\"at-190824\" class=\"c-accordion__title js-accordion-controller\" role=\"button\">TYPES OF ROOMS?<\/h6><div id=\"ac-190824\" class=\"c-accordion__content\">\n<p>Disponemos de 3 tipos de habitaciones: 2 habitaciones compartidas de 4 personas (repartidas entre chicos y chicas, siempre que sea posible) 2 dobles, 1 con dos camas o cama de matrimonio para dos personas. 1 Triple para 3 personas con camas separadas y habitaciones individuales tambi\u00e9n. Los ba\u00f1os son compartidos al igual que el sal\u00f3n y la cocina.<\/p>\n<\/div><\/div>\n\n\n\n<div class=\"wp-block-pb-accordion-item c-accordion__item js-accordion-item no-js\" data-initially-open=\"false\" data-click-to-close=\"true\" data-auto-close=\"true\" data-scroll=\"false\" data-scroll-offset=\"0\"><h6 id=\"at-190825\" class=\"c-accordion__title js-accordion-controller\" role=\"button\">Payment<\/h6><div id=\"ac-190825\" class=\"c-accordion__content\">\n<p>El pago se realiza como dep\u00f3sito al hacer la reserva del 20% y el resto del pago se abonar\u00e1 en efectivo a la llegada al campamento de surf.Puedes encontrar cajeros autom\u00e1ticos cerca de la escuela de surf.<\/p>\n<\/div><\/div>\n<\/div><\/div>\n","protected":false},"excerpt":{"rendered":"<p>Preguntas frecuentes TRANSPORTE Alimentaci\u00f3n CLASES DE SURF ACTIVIDADES OTRAS CUESTIONES<\/p>\n","protected":false},"author":1,"featured_media":0,"parent":0,"menu_order":0,"comment_status":"closed","ping_status":"closed","template":"","meta":{"neve_meta_sidebar":"","neve_meta_container":"","neve_meta_enable_content_width":"","neve_meta_content_width":0,"neve_meta_title_alignment":"","neve_meta_author_avatar":"","neve_post_elements_order":"","neve_meta_disable_header":"","neve_meta_disable_footer":"","neve_meta_disable_title":"","neve_meta_reading_time":"","footnotes":""},"class_list":["post-3396","page","type-page","status-publish","hentry"],"_links":{"self":[{"href":"https:\/\/www.blackstonesurfcamp.com\/es\/wp-json\/wp\/v2\/pages\/3396","targetHints":{"allow":["GET"]}}],"collection":[{"href":"https:\/\/www.blackstonesurfcamp.com\/es\/wp-json\/wp\/v2\/pages"}],"about":[{"href":"https:\/\/www.blackstonesurfcamp.com\/es\/wp-json\/wp\/v2\/types\/page"}],"author":[{"embeddable":true,"href":"https:\/\/www.blackstonesurfcamp.com\/es\/wp-json\/wp\/v2\/users\/1"}],"replies":[{"embeddable":true,"href":"https:\/\/www.blackstonesurfcamp.com\/es\/wp-json\/wp\/v2\/comments?post=3396"}],"version-history":[{"count":4,"href":"https:\/\/www.blackstonesurfcamp.com\/es\/wp-json\/wp\/v2\/pages\/3396\/revisions"}],"predecessor-version":[{"id":7030,"href":"https:\/\/www.blackstonesurfcamp.com\/es\/wp-json\/wp\/v2\/pages\/3396\/revisions\/7030"}],"wp:attachment":[{"href":"https:\/\/www.blackstonesurfcamp.com\/es\/wp-json\/wp\/v2\/media?parent=3396"}],"curies":[{"name":"wp","href":"https:\/\/api.w.org\/{rel}","templated":true}]}}