{"id":3371,"date":"2023-09-13T14:16:45","date_gmt":"2023-09-13T14:16:45","guid":{"rendered":"https:\/\/www.blackstonesurfcamp.com\/pack-economico\/"},"modified":"2025-02-18T23:34:23","modified_gmt":"2025-02-18T23:34:23","slug":"pack-economico","status":"publish","type":"page","link":"https:\/\/www.blackstonesurfcamp.com\/es\/pack-economico\/","title":{"rendered":"Pack Econ\u00f3mico"},"content":{"rendered":"\n<div style=\"height:40px\" aria-hidden=\"true\" class=\"wp-block-spacer\"><\/div>\n\n<h2 class=\"wp-block-heading has-text-align-left title\">PACK ECON\u00d3MICO<\/h2>\n\n<h5 class=\"wp-block-heading has-text-align-left\">Precio por persona desde 70,00\u20ac \/ Noche<\/h5>\n\n<div class=\"wp-block-columns is-layout-flex wp-container-core-columns-is-layout-9d6595d7 wp-block-columns-is-layout-flex\">\n<div class=\"wp-block-column is-layout-flow wp-block-column-is-layout-flow\" style=\"flex-basis:66.66%\">\n<p>El pack Econ\u00f3mico est\u00e1 dirigido a surfistas que quieran combinar el surf con el tiempo libre. Aprovecha las mejores condiciones normalmente por las ma\u00f1anas para las clases de surf y ten libre por las tardes para pasar un d\u00eda en la playa o visitar la isla.  <\/p>\n\n\n\n<p>En este sentido, recomendamos 100% alquilar un coche online para tener m\u00e1s libertad todas tus vacaciones.<\/p>\n\n\n\n<p>El alquiler de coches no es tan caro y facilita el transporte por la isla.<\/p>\n\n\n\n<p>Tienes informaci\u00f3n de alquiler a continuaci\u00f3n.<\/p>\n\n\n\n<p><a rel=\"noreferrer noopener\" href=\"https:\/\/translate.google.com\/website?sl=en&amp;tl=es&amp;hl=en&amp;client=webapp&amp;u=http:\/\/www.cicar.com\/\" target=\"_blank\">www.cicar.com<\/a><\/p>\n\n\n\n<h4 class=\"wp-block-heading\">\u00bfQu\u00e9 incluye?<\/h4>\n\n\n\n<ul class=\"wp-block-list\">\n<li>Alojamiento en habitaci\u00f3n Individual, Doble o Compartida<\/li>\n\n\n\n<li>Desayuno  <\/li>\n\n\n\n<li>Lecci\u00f3n de surf una vez al d\u00eda (2 horas por lecci\u00f3n) todo el material incluido.<\/li>\n\n\n\n<li>Traslados de llegada desde la estaci\u00f3n de autobuses \u00abcosta Adeje\u00bb al surf camp o centro de surf.<\/li>\n\n\n\n<li>Traslados diarios a la playa desde el campamento (para clases de surf por la ma\u00f1ana y por la tarde de regreso despu\u00e9s de las clases de surf)<\/li>\n<\/ul>\n\n\n\n<p>El pack econ\u00f3mico incluye 1 clase o actividad de Surf por la ma\u00f1ana el d\u00eda de tu llegada o el d\u00eda de salida (resto de d\u00edas 1 clase de surf) deber\u00e1s elegir qu\u00e9 d\u00eda quieres utilizar esta clase de surf a tu llegada.<\/p>\n\n\n\n<p>No hay reducci\u00f3n de precio si los horarios de sus vuelos no coinciden con los horarios de clases del d\u00eda de llegada o de salida.<\/p>\n\n\n\n<p>Todos los packs de surf incluyen el uso de las instalaciones del Surf Center en Playa de Las Am\u00e9ricas, incluyendo duchas de agua caliente, vestuarios, aseos, sala de entrenamiento&#8230;<\/p>\n\n\n\n<p>Todos los precios son por persona.<\/p>\n\n\n\n<p>Horario de traslados a la estaci\u00f3n de autobuses (de 9.00 a 21.00 horas). Si llegas fuera de este horario ponte en contacto con nosotros en el tel\u00e9fono de contacto de traslados.<\/p>\n\n\n\n<p>Para cualquier informaci\u00f3n sobre grupos grandes o eventos especiales cont\u00e1ctanos en &#98;&#x6c;a&#99;&#x6b;s&#116;&#x6f;n&#101;&#x73;u&#114;&#x66;&#64;&#x67;&#x6d;&#97;&#x69;&#x6c;&#46;&#x63;o&#109; <a href=\"m%C2&#37;&#50;&#65;&#48;&#98;&#108;&#97;&#x63;&#x6b;&#x73;&#x74;&#x6f;&#x6e;&#x65;&#x73;&#x75;rf&#64;g&#109;&#97;&#105;&#108;&#46;&#99;&#111;&#x6d;\" data-type=\"mailto\" data-id=\"mailto:&#xA0;&#x62;&#108;&#97;c&#x6b;&#x73;&#116;o&#x6e;&#x65;&#115;ur&#x66;&#64;&#103;m&#x61;&#x69;&#108;&#46;&#x63;&#x6f;&#109;\" target=\"_blank\" rel=\"noreferrer noopener\">.<\/a> <\/p>\n\n\n\n<p><strong>Precios de Habitaciones Econ\u00f3micas<\/strong><br\/><strong>Habitaci\u00f3n compartida <\/strong> \u00abPrecio por persona: 70,00\u20ac \/ Noche<strong>\u00ab<br\/>Habitaci\u00f3n doble <\/strong> \u00abPrecio por persona: 80,00\u20ac \/ Noche<strong>\u00ab<br\/>Habitaci\u00f3n individual <\/strong> \u00abPrecio por persona: 90,00\u20ac \/ Noche\u00bb<\/p>\n\n\n\n<div class=\"wp-block-buttons is-layout-flex wp-block-buttons-is-layout-flex\">\n<div class=\"wp-block-button is-style-secondary\"><a class=\"wp-block-button__link has-text-align-right wp-element-button\" href=\"https:\/\/www.blackstonesurfcamp.com\/es\/solicitud-de-reserva\/\">Ver disponibilidad y precios &gt;<\/a><\/div>\n<\/div>\n<\/div>\n\n\n\n<div class=\"wp-block-column is-layout-flow wp-block-column-is-layout-flow\" style=\"flex-basis:33.33%\">\n<figure class=\"wp-block-image size-large\"><img loading=\"lazy\" decoding=\"async\" width=\"2560\" height=\"1920\" src=\"https:\/\/www.blackstonesurfcamp.com\/wp-content\/uploads\/2023\/08\/playa-de-las-americas-surf-edited-scaled.jpg\" alt=\"\" class=\"wp-image-2508\" srcset=\"https:\/\/www.blackstonesurfcamp.com\/wp-content\/uploads\/2023\/08\/playa-de-las-americas-surf-edited-scaled.jpg 2560w, https:\/\/www.blackstonesurfcamp.com\/wp-content\/uploads\/2023\/08\/playa-de-las-americas-surf-edited-300x225.jpg 300w, https:\/\/www.blackstonesurfcamp.com\/wp-content\/uploads\/2023\/08\/playa-de-las-americas-surf-edited-1024x768.jpg 1024w, https:\/\/www.blackstonesurfcamp.com\/wp-content\/uploads\/2023\/08\/playa-de-las-americas-surf-edited-768x576.jpg 768w, https:\/\/www.blackstonesurfcamp.com\/wp-content\/uploads\/2023\/08\/playa-de-las-americas-surf-edited-1536x1152.jpg 1536w, https:\/\/www.blackstonesurfcamp.com\/wp-content\/uploads\/2023\/08\/playa-de-las-americas-surf-edited-2048x1536.jpg 2048w, https:\/\/www.blackstonesurfcamp.com\/wp-content\/uploads\/2023\/08\/playa-de-las-americas-surf-edited-600x450.jpg 600w\" sizes=\"auto, (max-width: 2560px) 100vw, 2560px\" \/><\/figure>\n\n\n\n<figure class=\"wp-block-image size-large\"><img loading=\"lazy\" decoding=\"async\" width=\"1024\" height=\"765\" src=\"https:\/\/www.blackstonesurfcamp.com\/wp-content\/uploads\/2023\/08\/IMG_4242-1024x765.jpg\" alt=\"\" class=\"wp-image-2422\" srcset=\"https:\/\/www.blackstonesurfcamp.com\/wp-content\/uploads\/2023\/08\/IMG_4242-1024x765.jpg 1024w, https:\/\/www.blackstonesurfcamp.com\/wp-content\/uploads\/2023\/08\/IMG_4242-300x224.jpg 300w, https:\/\/www.blackstonesurfcamp.com\/wp-content\/uploads\/2023\/08\/IMG_4242-768x574.jpg 768w, https:\/\/www.blackstonesurfcamp.com\/wp-content\/uploads\/2023\/08\/IMG_4242-1536x1148.jpg 1536w, https:\/\/www.blackstonesurfcamp.com\/wp-content\/uploads\/2023\/08\/IMG_4242-2048x1531.jpg 2048w, https:\/\/www.blackstonesurfcamp.com\/wp-content\/uploads\/2023\/08\/IMG_4242-600x448.jpg 600w\" sizes=\"auto, (max-width: 1024px) 100vw, 1024px\" \/><\/figure>\n\n\n\n<figure class=\"wp-block-image size-large\"><img loading=\"lazy\" decoding=\"async\" width=\"1024\" height=\"683\" src=\"https:\/\/www.blackstonesurfcamp.com\/wp-content\/uploads\/2023\/08\/P_271122-3760-1024x683.jpg\" alt=\"\" class=\"wp-image-2398\" srcset=\"https:\/\/www.blackstonesurfcamp.com\/wp-content\/uploads\/2023\/08\/P_271122-3760-1024x683.jpg 1024w, https:\/\/www.blackstonesurfcamp.com\/wp-content\/uploads\/2023\/08\/P_271122-3760-300x200.jpg 300w, https:\/\/www.blackstonesurfcamp.com\/wp-content\/uploads\/2023\/08\/P_271122-3760-768x512.jpg 768w, https:\/\/www.blackstonesurfcamp.com\/wp-content\/uploads\/2023\/08\/P_271122-3760-1536x1024.jpg 1536w, https:\/\/www.blackstonesurfcamp.com\/wp-content\/uploads\/2023\/08\/P_271122-3760-2048x1365.jpg 2048w, https:\/\/www.blackstonesurfcamp.com\/wp-content\/uploads\/2023\/08\/P_271122-3760-930x620.jpg 930w, https:\/\/www.blackstonesurfcamp.com\/wp-content\/uploads\/2023\/08\/P_271122-3760-600x400.jpg 600w\" sizes=\"auto, (max-width: 1024px) 100vw, 1024px\" \/><\/figure>\n<\/div>\n<\/div>\n","protected":false},"excerpt":{"rendered":"<p>PACK ECON\u00d3MICO Precio por persona desde 70,00\u20ac \/ Noche El pack Econ\u00f3mico est\u00e1 dirigido a surfistas que quieran combinar el surf con el tiempo libre. Aprovecha las mejores condiciones normalmente por las ma\u00f1anas para las clases de surf y ten libre por las tardes para pasar un d\u00eda en la playa o visitar la isla.&hellip;&nbsp;<a href=\"https:\/\/www.blackstonesurfcamp.com\/es\/pack-economico\/\" rel=\"bookmark\">Read More &raquo;<span class=\"screen-reader-text\">Pack Econ\u00f3mico<\/span><\/a><\/p>\n","protected":false},"author":1,"featured_media":0,"parent":0,"menu_order":0,"comment_status":"closed","ping_status":"closed","template":"","meta":{"neve_meta_sidebar":"","neve_meta_container":"","neve_meta_enable_content_width":"","neve_meta_content_width":0,"neve_meta_title_alignment":"","neve_meta_author_avatar":"","neve_post_elements_order":"","neve_meta_disable_header":"","neve_meta_disable_footer":"","neve_meta_disable_title":"","neve_meta_reading_time":"","footnotes":""},"class_list":["post-3371","page","type-page","status-publish","hentry"],"_links":{"self":[{"href":"https:\/\/www.blackstonesurfcamp.com\/es\/wp-json\/wp\/v2\/pages\/3371","targetHints":{"allow":["GET"]}}],"collection":[{"href":"https:\/\/www.blackstonesurfcamp.com\/es\/wp-json\/wp\/v2\/pages"}],"about":[{"href":"https:\/\/www.blackstonesurfcamp.com\/es\/wp-json\/wp\/v2\/types\/page"}],"author":[{"embeddable":true,"href":"https:\/\/www.blackstonesurfcamp.com\/es\/wp-json\/wp\/v2\/users\/1"}],"replies":[{"embeddable":true,"href":"https:\/\/www.blackstonesurfcamp.com\/es\/wp-json\/wp\/v2\/comments?post=3371"}],"version-history":[{"count":5,"href":"https:\/\/www.blackstonesurfcamp.com\/es\/wp-json\/wp\/v2\/pages\/3371\/revisions"}],"predecessor-version":[{"id":6538,"href":"https:\/\/www.blackstonesurfcamp.com\/es\/wp-json\/wp\/v2\/pages\/3371\/revisions\/6538"}],"wp:attachment":[{"href":"https:\/\/www.blackstonesurfcamp.com\/es\/wp-json\/wp\/v2\/media?parent=3371"}],"curies":[{"name":"wp","href":"https:\/\/api.w.org\/{rel}","templated":true}]}}