{"id":3347,"date":"2023-09-13T14:24:35","date_gmt":"2023-09-13T14:24:35","guid":{"rendered":"https:\/\/www.blackstonesurfcamp.com\/pack-de-yoga-y-surf\/"},"modified":"2025-03-22T17:39:58","modified_gmt":"2025-03-22T17:39:58","slug":"pack-de-yoga-y-surf","status":"publish","type":"page","link":"https:\/\/www.blackstonesurfcamp.com\/es\/pack-de-yoga-y-surf\/","title":{"rendered":"Pack de Yoga y Surf"},"content":{"rendered":"\n<div style=\"height:30px\" aria-hidden=\"true\" class=\"wp-block-spacer\"><\/div>\n\n<h2 class=\"wp-block-heading title\">Pack de Yoga y Surf<\/h2>\n\n<h5 class=\"wp-block-heading\">Precio por persona a partir de 85.00\u20ac \/ Noche<\/h5>\n\n<div class=\"wp-block-columns is-layout-flex wp-container-core-columns-is-layout-9d6595d7 wp-block-columns-is-layout-flex\">\n<div class=\"wp-block-column is-layout-flow wp-block-column-is-layout-flow\" style=\"flex-basis:66.66%\">\n<p>El paquete de Yoga y surf es para surfistas que desean surfear y combinarlo con sesiones de yoga.<\/p>\n\n\n\n<p>Se incluye 1 clase de surf por la ma\u00f1ana y 1 sesi\u00f3n de yoga por la tarde al d\u00eda. De lunes a viernes. Tenemos un plan semanal y te explicaremos los horarios de las clases de surf y las sesiones de yoga el d\u00eda de tu llegada.<\/p>\n\n\n\n<h4 class=\"wp-block-heading\">\u00bfQu\u00e9 incluye?<\/h4>\n\n\n\n<ul class=\"wp-block-list\">\n<li>Alojamiento en habitaci\u00f3n individual, doble o compartida<\/li>\n\n\n\n<li>Desayuno  <\/li>\n\n\n\n<li>Clase de surf una vez al d\u00eda (2 horas por clase), todo el material incluido<\/li>\n\n\n\n<li>1 sesi\u00f3n de yoga al d\u00eda (lunes a viernes)<\/li>\n\n\n\n<li>Traslados de llegada desde la estaci\u00f3n de autobuses \u00abCosta Adeje\u00bb al campamento de surf o centro de surf.<\/li>\n\n\n\n<li>Traslados diarios a la playa desde el campamento (para las clases de surf por la ma\u00f1ana y regreso por la tarde despu\u00e9s de las clases de surf)<\/li>\n<\/ul>\n\n\n\n<p>El paquete de Yoga y surf incluye 1 clase de surf o actividad por la tarde el d\u00eda de tu llegada y 1 clase de surf o actividad por la ma\u00f1ana el d\u00eda de tu partida (el resto de los d\u00edas, 1 clase de surf y una sesi\u00f3n de yoga).<\/p>\n\n\n\n<p>No hay reducci\u00f3n de precio si tus horarios de vuelo no coinciden con los horarios de las clases en el d\u00eda de llegada o salida.<\/p>\n\n\n\n<p>Todos los paquetes de surf incluyen el uso de las instalaciones del Surf Center en Playa de Las Am\u00e9ricas, incluyendo duchas calientes, vestuarios, ba\u00f1os, sala de entrenamiento, etc.<\/p>\n\n\n\n<p>Los alquileres de coches no son muy caros y facilitan el transporte por la isla.<\/p>\n\n\n\n<p>Tienes informaci\u00f3n sobre el alquiler a continuaci\u00f3n.<\/p>\n\n\n\n<p><a href=\"http:\/\/www.cicar.com\/\" target=\"_blank\" rel=\"noreferrer noopener\">www.cicar.com<\/a><\/p>\n\n\n\n<p>Todos los precios son por persona.<br\/>Horarios de traslado desde la estaci\u00f3n de autobuses (de 9.00 a 21.00). Si llegas fuera de estos horarios, por favor cont\u00e1ctanos en el n\u00famero de tel\u00e9fono de traslados.<\/p>\n\n\n\n<p><br\/>Para cualquier informaci\u00f3n sobre grupos grandes o eventos especiales, cont\u00e1ctanos en <a href=\"&#x6d;&#x25;&#67;2%&#x32;&#x41;&#48;&#98;l&#x61;&#x63;&#107;&#115;t&#x6f;&#x6e;&#x65;&#115;ur&#x66;&#x40;&#103;&#109;a&#x69;&#x6c;&#46;&#99;o&#x6d;\" data-type=\"mailto\" data-id=\"mailto:&#xA0;&#x62;&#x6c;&#x61;&#99;&#107;&#115;to&#x6e;&#x65;&#x73;&#x75;&#114;&#102;&#64;g&#x6d;&#x61;&#x69;&#x6c;&#46;&#99;om\" target=\"_blank\" rel=\"noreferrer noopener\"> &#98;&#x6c;a&#99;&#x6b;s&#116;&#x6f;n&#x65;&#x73;&#117;&#x72;f&#64;&#x67;m&#97;&#x69;l&#x2e;&#x63;&#111;&#x6d;.<\/a><\/p>\n\n\n\n<p><strong>Precios de habitaciones de Yoga y surf<\/strong><br\/><strong>Habitaci\u00f3n compartida<\/strong> \u00abPrecio por persona: 85.00\u20ac \/ Noche\u00bb<strong><br\/>Habitaci\u00f3n doble<\/strong> \u00abPrecio por persona: 95.00\u20ac \/ Noche\u00bb<strong><br\/>Habitaci\u00f3n individual<\/strong> \u00abPrecio por persona: 105.00\u20ac \/ Noche\u00bb<\/p>\n\n\n\n<div class=\"wp-block-buttons is-layout-flex wp-block-buttons-is-layout-flex\">\n<div class=\"wp-block-button is-style-secondary\"><a class=\"wp-block-button__link has-text-align-right wp-element-button\" href=\"https:\/\/www.blackstonesurfcamp.com\/es\/solicitud-de-reserva\/\">Ver disponibilidad y precios &gt;<\/a><\/div>\n<\/div>\n<\/div>\n\n\n\n<div class=\"wp-block-column is-layout-flow wp-block-column-is-layout-flow\" style=\"flex-basis:33.33%\">\n<figure class=\"wp-block-image size-full\"><img loading=\"lazy\" decoding=\"async\" width=\"1000\" height=\"661\" src=\"https:\/\/www.blackstonesurfcamp.com\/wp-content\/uploads\/2023\/07\/IMG_4176.jpg\" alt=\"\" class=\"wp-image-214\" srcset=\"https:\/\/www.blackstonesurfcamp.com\/wp-content\/uploads\/2023\/07\/IMG_4176.jpg 1000w, https:\/\/www.blackstonesurfcamp.com\/wp-content\/uploads\/2023\/07\/IMG_4176-600x397.jpg 600w, https:\/\/www.blackstonesurfcamp.com\/wp-content\/uploads\/2023\/07\/IMG_4176-300x198.jpg 300w, https:\/\/www.blackstonesurfcamp.com\/wp-content\/uploads\/2023\/07\/IMG_4176-768x508.jpg 768w\" sizes=\"auto, (max-width: 1000px) 100vw, 1000px\" \/><\/figure>\n\n\n\n<figure class=\"wp-block-image size-full\"><img loading=\"lazy\" decoding=\"async\" width=\"1000\" height=\"562\" src=\"https:\/\/www.blackstonesurfcamp.com\/wp-content\/uploads\/2023\/07\/YOGA-PISCINA-BLACKSTONE-SURF.jpg\" alt=\"\" class=\"wp-image-124\" srcset=\"https:\/\/www.blackstonesurfcamp.com\/wp-content\/uploads\/2023\/07\/YOGA-PISCINA-BLACKSTONE-SURF.jpg 1000w, https:\/\/www.blackstonesurfcamp.com\/wp-content\/uploads\/2023\/07\/YOGA-PISCINA-BLACKSTONE-SURF-600x337.jpg 600w, https:\/\/www.blackstonesurfcamp.com\/wp-content\/uploads\/2023\/07\/YOGA-PISCINA-BLACKSTONE-SURF-300x169.jpg 300w, https:\/\/www.blackstonesurfcamp.com\/wp-content\/uploads\/2023\/07\/YOGA-PISCINA-BLACKSTONE-SURF-768x432.jpg 768w\" sizes=\"auto, (max-width: 1000px) 100vw, 1000px\" \/><\/figure>\n\n\n\n<figure class=\"wp-block-image size-large\"><img loading=\"lazy\" decoding=\"async\" width=\"1024\" height=\"684\" src=\"https:\/\/www.blackstonesurfcamp.com\/wp-content\/uploads\/2023\/08\/20200615_07_AB_Oneill_AW21_Womans_05472-1-1024x684.jpg\" alt=\"\" class=\"wp-image-2513\" srcset=\"https:\/\/www.blackstonesurfcamp.com\/wp-content\/uploads\/2023\/08\/20200615_07_AB_Oneill_AW21_Womans_05472-1-1024x684.jpg 1024w, https:\/\/www.blackstonesurfcamp.com\/wp-content\/uploads\/2023\/08\/20200615_07_AB_Oneill_AW21_Womans_05472-1-300x200.jpg 300w, https:\/\/www.blackstonesurfcamp.com\/wp-content\/uploads\/2023\/08\/20200615_07_AB_Oneill_AW21_Womans_05472-1-768x513.jpg 768w, https:\/\/www.blackstonesurfcamp.com\/wp-content\/uploads\/2023\/08\/20200615_07_AB_Oneill_AW21_Womans_05472-1-1536x1025.jpg 1536w, https:\/\/www.blackstonesurfcamp.com\/wp-content\/uploads\/2023\/08\/20200615_07_AB_Oneill_AW21_Womans_05472-1-2048x1367.jpg 2048w, https:\/\/www.blackstonesurfcamp.com\/wp-content\/uploads\/2023\/08\/20200615_07_AB_Oneill_AW21_Womans_05472-1-930x620.jpg 930w, https:\/\/www.blackstonesurfcamp.com\/wp-content\/uploads\/2023\/08\/20200615_07_AB_Oneill_AW21_Womans_05472-1-600x401.jpg 600w\" sizes=\"auto, (max-width: 1024px) 100vw, 1024px\" \/><\/figure>\n<\/div>\n<\/div>\n","protected":false},"excerpt":{"rendered":"<p>Pack de Yoga y Surf Precio por persona a partir de 85.00\u20ac \/ Noche El paquete de Yoga y surf es para surfistas que desean surfear y combinarlo con sesiones de yoga. Se incluye 1 clase de surf por la ma\u00f1ana y 1 sesi\u00f3n de yoga por la tarde al d\u00eda. De lunes a viernes.&hellip;&nbsp;<a href=\"https:\/\/www.blackstonesurfcamp.com\/es\/pack-de-yoga-y-surf\/\" rel=\"bookmark\">Read More &raquo;<span class=\"screen-reader-text\">Pack de Yoga y Surf<\/span><\/a><\/p>\n","protected":false},"author":1,"featured_media":0,"parent":0,"menu_order":0,"comment_status":"closed","ping_status":"closed","template":"","meta":{"neve_meta_sidebar":"","neve_meta_container":"","neve_meta_enable_content_width":"","neve_meta_content_width":0,"neve_meta_title_alignment":"","neve_meta_author_avatar":"","neve_post_elements_order":"","neve_meta_disable_header":"","neve_meta_disable_footer":"","neve_meta_disable_title":"","neve_meta_reading_time":"","footnotes":""},"class_list":["post-3347","page","type-page","status-publish","hentry"],"_links":{"self":[{"href":"https:\/\/www.blackstonesurfcamp.com\/es\/wp-json\/wp\/v2\/pages\/3347","targetHints":{"allow":["GET"]}}],"collection":[{"href":"https:\/\/www.blackstonesurfcamp.com\/es\/wp-json\/wp\/v2\/pages"}],"about":[{"href":"https:\/\/www.blackstonesurfcamp.com\/es\/wp-json\/wp\/v2\/types\/page"}],"author":[{"embeddable":true,"href":"https:\/\/www.blackstonesurfcamp.com\/es\/wp-json\/wp\/v2\/users\/1"}],"replies":[{"embeddable":true,"href":"https:\/\/www.blackstonesurfcamp.com\/es\/wp-json\/wp\/v2\/comments?post=3347"}],"version-history":[{"count":9,"href":"https:\/\/www.blackstonesurfcamp.com\/es\/wp-json\/wp\/v2\/pages\/3347\/revisions"}],"predecessor-version":[{"id":6658,"href":"https:\/\/www.blackstonesurfcamp.com\/es\/wp-json\/wp\/v2\/pages\/3347\/revisions\/6658"}],"wp:attachment":[{"href":"https:\/\/www.blackstonesurfcamp.com\/es\/wp-json\/wp\/v2\/media?parent=3347"}],"curies":[{"name":"wp","href":"https:\/\/api.w.org\/{rel}","templated":true}]}}