{"id":3337,"date":"2023-09-13T11:28:07","date_gmt":"2023-09-13T11:28:07","guid":{"rendered":"https:\/\/www.blackstonesurfcamp.com\/solicitud-de-reserva-2\/"},"modified":"2023-11-13T16:24:30","modified_gmt":"2023-11-13T16:24:30","slug":"solicitud-de-reserva-2","status":"publish","type":"page","link":"https:\/\/www.blackstonesurfcamp.com\/es\/solicitud-de-reserva-2\/","title":{"rendered":"Solicitud de reserva"},"content":{"rendered":"\n<div style=\"height:30px\" aria-hidden=\"true\" class=\"wp-block-spacer\"><\/div>\n\n<h2 class=\"wp-block-heading has-text-align-center title\">Solicitud de Reserva<\/h2>\n\n<div class=\"wp-block-columns is-layout-flex wp-container-core-columns-is-layout-9d6595d7 wp-block-columns-is-layout-flex\">\n<div class=\"wp-block-column col-border is-layout-flow wp-block-column-is-layout-flow\" style=\"flex-basis:66%\">\n<div class=\"wpcf7 no-js\" id=\"wpcf7-f3403-o1\" lang=\"es-ES\" dir=\"ltr\" data-wpcf7-id=\"3403\">\n<div class=\"screen-reader-response\"><p role=\"status\" aria-live=\"polite\" aria-atomic=\"true\"><\/p> <ul><\/ul><\/div>\n<form action=\"\/es\/wp-json\/wp\/v2\/pages\/3337#wpcf7-f3403-o1\" method=\"post\" class=\"wpcf7-form init\" aria-label=\"Formulario de contacto\" novalidate=\"novalidate\" data-status=\"init\">\n<fieldset class=\"hidden-fields-container\"><input type=\"hidden\" name=\"_wpcf7\" value=\"3403\" \/><input type=\"hidden\" name=\"_wpcf7_version\" value=\"6.1.5\" \/><input type=\"hidden\" name=\"_wpcf7_locale\" value=\"es_ES\" \/><input type=\"hidden\" name=\"_wpcf7_unit_tag\" value=\"wpcf7-f3403-o1\" \/><input type=\"hidden\" name=\"_wpcf7_container_post\" value=\"0\" \/><input type=\"hidden\" name=\"_wpcf7_posted_data_hash\" value=\"\" \/><input type=\"hidden\" name=\"_uacf7_hidden_conditional_fields\" value=\"\" \/><input type=\"hidden\" name=\"_wpcf7_recaptcha_response\" value=\"\" \/>\n<\/fieldset>\n<div class=\"uacf7-form-wrapper-container uacf7-form-3403  \"><div id=\"bookingreqfirst\">\n<label>Seleccione Pack:<br><br>\n    <span class=\"wpcf7-form-control-wrap\" data-name=\"pack-selection\"><select class=\"wpcf7-form-control wpcf7-select wpcf7-validates-as-required\" aria-required=\"true\" aria-invalid=\"false\" name=\"pack-selection\"><option value=\"\">&#8212;Por favor, elige una opci\u00f3n&#8212;<\/option><option value=\"Blackstone Pack\">Blackstone Pack<\/option><option value=\"Economic Pack\">Economic Pack<\/option><option value=\"Yoga and Surf Pack\">Yoga and Surf Pack<\/option><\/select><\/span>\n<\/label>\n<div class=\"uacf7_conditional conditional-blackstone\">\n<div><h4>Pack Blackstone - \u00bfQu\u00e9 incluye?<\/h4>\n<ul>\n<li>Alojamiento en habitaci\u00f3n individual (105 \u20ac pp\/pn), doble (95 \u20ac pp\/pn) o compartida (85 \u20ac pp\/pn)<\/li>\n<li>Desayuno (hasta las 11.00)<\/li>\n<li>Clases de surf dos veces al d\u00eda ( 2hrs por clase) todo el material incluido<\/li>\n<li>Actividades semanales (snorkel o surf skate)<\/li>\n<li>Traslados de llegada desde la estaci\u00f3n de autobuses \"costa Adeje\" al surf camp o centro de surf.<\/li>\n<li>Traslados diarios a la playa desde el campamento ( para las clases de surf por la ma\u00f1ana y por la tarde de vuelta despu\u00e9s de las clases de surf)<\/li>\n<\/ul>\n<\/div>\n<\/div>\n<div class=\"uacf7_conditional conditional-economic\">\n<div><h4>Pack econ\u00f3mico - \u00bfQu\u00e9 incluye?<\/h4>\n<ul>\n<li>Alojamiento en habitaci\u00f3n individual (80 \u20ac pp\/pn), doble (70 \u20ac pp\/pn) o compartida (60 \u20ac pp\/pn)<\/li>\n<li>Desayuno (hasta las 11.00)<\/li>\n<li>Clase de surf una vez al d\u00eda ( 2hrs por clase) todo el material incluido<\/li>\n<li>Traslados de llegada desde la estaci\u00f3n de autobuses \"costa Adeje\" al surf camp o centro de surf.<\/li>\n<li>Traslados diarios a la playa desde el campamento ( para las clases de surf por la ma\u00f1ana y por la tarde de vuelta despu\u00e9s de las clases de surf)<\/li>\n<\/ul>\n<\/div>\n<\/div>\n<div class=\"uacf7_conditional conditional-yoga\">\n<div><h4>Pack Yoga & Surf - \u00bfQu\u00e9 incluye?<\/h4>\n<ul>\n<li>Alojamiento en habitaci\u00f3n individual (105 \u20ac pp\/pn), doble (95 \u20ac pp\/pn) o compartida (85 \u20ac pp\/pn)<\/li>\n<li>Desayuno (hasta las 11.00)<\/li>\n<li>Clase de surf una vez al d\u00eda ( 2hrs por clase) todo el material incluido<\/li>\n<li> 1 sesi\u00f3n de yoga al d\u00eda\u00a0<\/li>\n<li>Traslados de llegada desde la estaci\u00f3n de autobuses \"costa Adeje\" al surf camp o centro de surf.<\/li>\n<li>Traslados diarios a la playa desde el campamento ( para las clases de surf por la ma\u00f1ana y por la tarde de vuelta despu\u00e9s de las clases de surf)<\/li>\n<\/ul>\n<\/div>\n<\/div>\n<\/lable>\n<label class=\"half\">Fecha de llegada:<br><br>\n<span class=\"wpcf7-form-control-wrap\" data-name=\"start-date\"><input class=\"wpcf7-form-control wpcf7-date wpcf7-validates-as-required wpcf7-validates-as-date\" min=\"2026-04-21\" aria-required=\"true\" aria-invalid=\"false\" value=\"\" type=\"date\" name=\"start-date\" \/><\/span><\/label>\n<label class=\"half last\">\nFecha de salida:<br><br>\n<span class=\"wpcf7-form-control-wrap\" data-name=\"end-date\"><input class=\"wpcf7-form-control wpcf7-date wpcf7-validates-as-required wpcf7-validates-as-date\" aria-required=\"true\" aria-invalid=\"false\" value=\"\" type=\"date\" name=\"end-date\" \/><\/span><\/label>\n\n<label>N\u00famero de invitados:<br><br>\n<span class=\"wpcf7-form-control-wrap\" data-name=\"noguests\"><select class=\"wpcf7-form-control wpcf7-select\" aria-invalid=\"false\" name=\"noguests\"><option value=\"1\">1<\/option><option value=\"2\">2<\/option><option value=\"3\">3<\/option><option value=\"4\">4<\/option><option value=\"5\">5<\/option><option value=\"6\">6<\/option><option value=\"7\">7<\/option><option value=\"8\">8<\/option><\/select><\/span><\/label>\n\n<label>Tipo de habitaci\u00f3n:<br><br>\n    <span class=\"wpcf7-form-control-wrap\" data-name=\"room-type\"><select class=\"wpcf7-form-control wpcf7-select\" aria-invalid=\"false\" name=\"room-type\"><option value=\"Shared\">Shared<\/option><option value=\"Single\">Single<\/option><option value=\"Twin\">Twin<\/option><option value=\"Double\">Double<\/option><\/select><\/span><\/label>\n<br>\n<span class=\"wpcf7-form-control-wrap\" data-name=\"packcost\"><input size=\"40\" maxlength=\"400\" class=\"wpcf7-form-control wpcf7-text hidden\" aria-invalid=\"false\" value=\"85\" type=\"text\" name=\"packcost\" \/><\/span>\n<span class=\"wpcf7-form-control-wrap\" data-name=\"room-extra\"><input size=\"40\" maxlength=\"400\" class=\"wpcf7-form-control wpcf7-text hidden\" aria-invalid=\"false\" value=\"0\" type=\"text\" name=\"room-extra\" \/><\/span>\n<span class=\"wpcf7-form-control-wrap\" data-name=\"noguestssingle\"><input size=\"40\" maxlength=\"400\" class=\"wpcf7-form-control wpcf7-text hidden\" aria-invalid=\"false\" value=\"1\" type=\"text\" name=\"noguestssingle\" \/><\/span>\n<span class=\" wpcf7-form-control-wrap calc-sub\"><input data-number=\"0\" size=\"40\" class=\"wpcf7-form-control wpcf7-calculated wpcf7-total cf7-hide ctf7-total\" readonly=\"readonly\" aria-invalid=\"false\" value=\"0\" type=\"text\" name=\"calc-sub\" data-formulas=\"(packcost + room-extra)*noguestssingle\" \/><\/span>\n<p>Compruebe que la informaci\u00f3n que figura a continuaci\u00f3n es correcta antes de enviar su solicitud de reserva:<\/p>\n<\/div>\n<div id=\"req-conf\">\n<p>Paquete seleccionado: <span style=\"text-align:right\" id=\"selected-pack\">Seleccione un paquete<\/span><\/p>\n<p>N\u00famero de noches: <span><span class=\"wpcf7-form-control-wrap\" data-name=\"number-of-days\"><input size=\"40\" maxlength=\"400\" class=\"wpcf7-form-control wpcf7-text numofnights\" id=\"number-of-days\" readonly=\"readonly\" aria-invalid=\"false\" value=\"\" type=\"text\" name=\"number-of-days\" \/><\/span><\/span><\/p>\n<p>N\u00famero de invitados: <span id=\"selected-guests\">1<\/span><\/p>\n<p>Tipo de habitaci\u00f3n: <span id=\"selected-room\">Habitaci\u00f3n compartida<\/span><\/p>\n<br>\n<h4>Solicitud Total: <span style=\"display: block;\"><span class=\"wpcf7-form-control-wrap calc-total cf7-total-right\"><strong class=\"cf7-calculated-name cf7-block\" size=\"40\" class=\"wpcf7-form-control wpcf7-calculated wpcf7-total number-format ctf7-total\" data-a-sep=\",\" data-a-dec=\".\" data-m-dec=\"2\" readonly=\"readonly\" aria-invalid=\"false\" value=\"0\" type=\"text\" name=\"calc-total\">0<\/strong> <input data-number=\"0\" style=\"display:none;\" size=\"40\" class=\"wpcf7-form-control wpcf7-calculated wpcf7-total number-format ctf7-total\" data-a-sep=\",\" data-a-dec=\".\" data-m-dec=\"2\" readonly=\"readonly\" aria-invalid=\"false\" value=\"0\" type=\"text\" name=\"calc-total\" data-formulas=\"calc-sub*number-of-days\" \/><\/span><\/span><\/h4>\n<a id=\"bookingreqedit\" href=\"https:\/\/www.blackstonesurfcamp.com\/es\/booking-request\/\" style=\"display:none; margin-top:15px;\">Modificar solicitud<\/a>\n<\/div>\n<br><br>\n<button type=\"button\" id=\"validateDatesButton\" style=\"width:100%; margin: 20px 0;\">Siguiente<\/button>\n<div id=\"bookingreqnext\" style=\"display:none;\">\n<h3>Datos de contacto<\/h3>\n<label class=\"half\">Nombre<br><br>\n    <span class=\"wpcf7-form-control-wrap\" data-name=\"your-fname\"><input size=\"40\" maxlength=\"400\" class=\"wpcf7-form-control wpcf7-text wpcf7-validates-as-required\" autocomplete=\"first\" aria-required=\"true\" aria-invalid=\"false\" value=\"\" type=\"text\" name=\"your-fname\" \/><\/span> <\/label>\n\n<label class=\"half last\">Apellido*<br><br>\n    <span class=\"wpcf7-form-control-wrap\" data-name=\"your-lname\"><input size=\"40\" maxlength=\"400\" class=\"wpcf7-form-control wpcf7-text wpcf7-validates-as-required\" autocomplete=\"last-name\" aria-required=\"true\" aria-invalid=\"false\" value=\"\" type=\"text\" name=\"your-lname\" \/><\/span> <\/label>\n\n<label class=\"half\">Correo electr\u00f3nico<br><br>\n     <span class=\"wpcf7-form-control-wrap\" data-name=\"your-email\"><input size=\"40\" maxlength=\"400\" class=\"wpcf7-form-control wpcf7-email wpcf7-validates-as-required wpcf7-text wpcf7-validates-as-email\" autocomplete=\"email\" aria-required=\"true\" aria-invalid=\"false\" value=\"\" type=\"email\" name=\"your-email\" \/><\/span> <\/label>\n\n<label class=\"half last\">Repetir Email*<br><br>\n     <span class=\"wpcf7-form-control-wrap\" data-name=\"your-email2\"><input size=\"40\" maxlength=\"400\" class=\"wpcf7-form-control wpcf7-email wpcf7-validates-as-required wpcf7-text wpcf7-validates-as-email\" autocomplete=\"email\" aria-required=\"true\" aria-invalid=\"false\" value=\"\" type=\"email\" name=\"your-email2\" \/><\/span> <\/label>\n\n<label class=\"half\">C\u00f3digo de pa\u00eds y n\u00famero de tel\u00e9fono *<br><br>\n     <span class=\"wpcf7-form-control-wrap\" data-name=\"telephone\"><input size=\"40\" class=\"wpcf7-form-control wpcf7-phonetext wpcf7-validates-as-required wpcf7-text wpcf7-validates-as-phonetext\" autocomplete=\"phone\" aria-required=\"true\" aria-invalid=\"false\" value=\"\" type=\"text\" name=\"telephone\" \/><input type=\"hidden\" name=\"telephone-country-code\" class=\"wpcf7-phonetext-country-code\" \/><\/span> <\/label>\n\n<input class=\"wpcf7-form-control wpcf7-submit has-spinner\" type=\"submit\" value=\"Verificar Disponibilidad.\" \/>\n<\/div><\/div><div class=\"wpcf7-response-output\" aria-hidden=\"true\"><\/div>\n<\/form>\n<\/div>\n\n<\/div>\n\n\n\n<div class=\"wp-block-column is-layout-flow wp-block-column-is-layout-flow\">\n<p><strong>C\u00f3mo realizar la pre-reserva para confirmar la disponibilidad:<\/strong><\/p>\n\n\n\n<p>Seleccione sus fechas, el paquete de surf y el n\u00famero de personas, luego elija su tipo de habitaci\u00f3n.<\/p>\n\n\n\n<p>Esto es solo una solicitud de disponibilidad y a\u00fan no es una reserva. Despu\u00e9s de recibir su solicitud de disponibilidad, <strong>luego<\/strong> verificaremos que todo est\u00e9 en orden y confirmaremos su reserva envi\u00e1ndole un correo electr\u00f3nico con toda la informaci\u00f3n y el pago del dep\u00f3sito (20%) para confirmar su reserva.<\/p>\n\n\n\n<p>La estancia m\u00ednima en Blackstone es de <em>3 noches<\/em> para disfrutar de la experiencia del campamento de surf.<\/p>\n\n\n\n<p><strong>\u00bfQu\u00e9 est\u00e1 incluido?<\/strong><br\/>Puede encontrar en nuestro sitio web todos los paquetes y lo que est\u00e1 incluido en cada paquete de surf. Tambi\u00e9n puede consultar las <a href=\"http:\/\/blackstonesurfcamp.com\/frequently-asked-questions\/\" data-type=\"page\" data-id=\"1908\">preguntas frecuentes<\/a> para las preguntas m\u00e1s comunes.<\/p>\n\n\n\n<p><strong>\u00bfTiene problemas para reservar?<\/strong><br\/>Nuestro sistema de reservas en l\u00ednea siempre est\u00e1 activo y actualizado, pero si tiene problemas para hacer una reserva, encontrar disponibilidad o si desea ser agregado a nuestra lista de espera, puede ponerse en contacto con nosotros a trav\u00e9s de <a href=\"m&#97;&#105;&#x6c;&#x74;&#x6f;:b&#108;&#97;&#x63;&#x6b;&#x73;t&#111;&#110;&#101;&#x73;&#x75;&#x72;f&#64;&#103;&#x6d;&#x61;&#x69;l&#46;&#99;&#111;&#x6d;\">&#98;&#x6c;&#x61;&#99;&#x6b;&#x73;t&#x6f;&#x6e;e&#115;&#x75;r&#102;&#x40;g&#109;&#x61;i&#108;&#x2e;c&#111;&#x6d;<\/a>.<\/p>\n<\/div>\n<\/div>\n","protected":false},"excerpt":{"rendered":"<p>Solicitud de Reserva C\u00f3mo realizar la pre-reserva para confirmar la disponibilidad: Seleccione sus fechas, el paquete de surf y el n\u00famero de personas, luego elija su tipo de habitaci\u00f3n. Esto es solo una solicitud de disponibilidad y a\u00fan no es una reserva. Despu\u00e9s de recibir su solicitud de disponibilidad, luego verificaremos que todo est\u00e9 en&hellip;&nbsp;<a href=\"https:\/\/www.blackstonesurfcamp.com\/es\/solicitud-de-reserva-2\/\" rel=\"bookmark\">Read More &raquo;<span class=\"screen-reader-text\">Solicitud de reserva<\/span><\/a><\/p>\n","protected":false},"author":1,"featured_media":0,"parent":0,"menu_order":0,"comment_status":"closed","ping_status":"closed","template":"","meta":{"neve_meta_sidebar":"","neve_meta_container":"","neve_meta_enable_content_width":"","neve_meta_content_width":0,"neve_meta_title_alignment":"","neve_meta_author_avatar":"","neve_post_elements_order":"","neve_meta_disable_header":"","neve_meta_disable_footer":"","neve_meta_disable_title":"","neve_meta_reading_time":"","footnotes":""},"class_list":["post-3337","page","type-page","status-publish","hentry"],"_links":{"self":[{"href":"https:\/\/www.blackstonesurfcamp.com\/es\/wp-json\/wp\/v2\/pages\/3337","targetHints":{"allow":["GET"]}}],"collection":[{"href":"https:\/\/www.blackstonesurfcamp.com\/es\/wp-json\/wp\/v2\/pages"}],"about":[{"href":"https:\/\/www.blackstonesurfcamp.com\/es\/wp-json\/wp\/v2\/types\/page"}],"author":[{"embeddable":true,"href":"https:\/\/www.blackstonesurfcamp.com\/es\/wp-json\/wp\/v2\/users\/1"}],"replies":[{"embeddable":true,"href":"https:\/\/www.blackstonesurfcamp.com\/es\/wp-json\/wp\/v2\/comments?post=3337"}],"version-history":[{"count":2,"href":"https:\/\/www.blackstonesurfcamp.com\/es\/wp-json\/wp\/v2\/pages\/3337\/revisions"}],"predecessor-version":[{"id":3339,"href":"https:\/\/www.blackstonesurfcamp.com\/es\/wp-json\/wp\/v2\/pages\/3337\/revisions\/3339"}],"wp:attachment":[{"href":"https:\/\/www.blackstonesurfcamp.com\/es\/wp-json\/wp\/v2\/media?parent=3337"}],"curies":[{"name":"wp","href":"https:\/\/api.w.org\/{rel}","templated":true}]}}