{"id":3315,"date":"2023-07-25T12:21:38","date_gmt":"2023-07-25T12:21:38","guid":{"rendered":"https:\/\/www.blackstonesurfcamp.com\/pack-yoga-surf\/"},"modified":"2025-03-22T17:39:58","modified_gmt":"2025-03-22T17:39:58","slug":"pack-yoga-surf","status":"publish","type":"page","link":"https:\/\/www.blackstonesurfcamp.com\/es\/pack-yoga-surf\/","title":{"rendered":"Pack Yoga Surf"},"content":{"rendered":"\n<div style=\"height:30px\" aria-hidden=\"true\" class=\"wp-block-spacer\"><\/div>\n\n<h2 class=\"wp-block-heading title\">Pack Yoga Surf<\/h2>\n\n<h5 class=\"wp-block-heading\">Precio por persona a partir de 95.00\u20ac \/ Noche<\/h5>\n\n<div class=\"wp-block-columns is-layout-flex wp-container-core-columns-is-layout-9d6595d7 wp-block-columns-is-layout-flex\">\n<div class=\"wp-block-column is-layout-flow wp-block-column-is-layout-flow\" style=\"flex-basis:66.66%\">\n<p>El pack Yoga &amp; surf es para los surfistas que quieren practicar surf y combinarlo con sesiones de yoga.<\/p>\n\n\n\n<p>Se incluye 1 clase de surf por la ma\u00f1ana y 1 sesi\u00f3n de yoga por la tarde al d\u00edaDe lunes a viernes. Tenemos una planificaci\u00f3n semanal y te explicaremos los horarios de las clases de surf y de la sesi\u00f3n de yoga el d\u00eda de tu llegada.<\/p>\n\n\n\n<h4 class=\"wp-block-heading\">El paquete incluye:<\/h4>\n\n\n\n<ul class=\"wp-block-list\">\n<li>Alojamiento en habitaci\u00f3n individual, doble o compartida<\/li>\n\n\n\n<li>Desayuno  <\/li>\n\n\n\n<li>Clase de surf una vez al d\u00eda ( 2hrs por clase) todo el material incluido<\/li>\n\n\n\n<li>1 sesi\u00f3n de yoga al d\u00eda (de lunes a viernes)<\/li>\n\n\n\n<li>Traslados de llegada desde la estaci\u00f3n de autobuses \u00abcosta Adeje\u00bb al surf camp o centro de surf.<\/li>\n\n\n\n<li>Traslados diarios a la playa desde el campamento I( para las clases de surf por la ma\u00f1ana y por la tarde de vuelta despu\u00e9s de las clases de surf)<\/li>\n<\/ul>\n\n\n\n<p>El pack de yoga y surf incluye 1 clase o actividad de surf por la tarde el d\u00eda de llegada y 1 clase o actividad de surf por la ma\u00f1ana el d\u00eda de salida (el resto de los d\u00edas 1 clase de surf y 1 sesi\u00f3n de yoga )<\/p>\n\n\n\n<p>No hay reducci\u00f3n de precio si sus horarios de vuelo no coinciden con los horarios de clase del d\u00eda de llegada o salida.<\/p>\n\n\n\n<p>Todos los packs de surf incluyen el uso de las instalaciones del Surf Center de Playa de Las Am\u00e9ricas, incluyendo duchas de agua caliente, vestuarios, aseos, sala de entrenamiento&#8230;<\/p>\n\n\n\n<p>Los coches de alquiler no son tan caros y facilitan el transporte por la isla.<\/p>\n\n\n\n<p>A continuaci\u00f3n encontrar\u00e1 informaci\u00f3n sobre el alquiler.<\/p>\n\n\n\n<p><a href=\"http:\/\/www.cicar.com\/\" target=\"_blank\" rel=\"noreferrer noopener\">www.cicar.com<\/a><\/p>\n\n\n\n<p>Todos los precios son por persona.<br\/>Horario de traslados a la estaci\u00f3n de autobuses (de 9.00 a 21.00). Si llegas fuera de este horario, ponte en contacto con nosotros en el tel\u00e9fono de contacto de traslados.<\/p>\n\n\n\n<p><br\/>Para cualquier informaci\u00f3n sobre grupos grandes o eventos especiales, p\u00f3ngase en contacto con nosotros en <a href=\"&#109;&#x25;C&#50;&#x25;2&#65;&#x30;b&#x6c;&#x61;&#99;&#x6b;s&#116;&#x6f;n&#101;&#x73;u&#x72;&#x66;&#64;&#x67;&#x6d;&#97;&#x69;l&#46;&#x63;o&#109;\" data-type=\"mailto\" data-id=\"mailto:&#xA0;&#98;&#x6c;a&#x63;&#x6b;&#115;&#x74;o&#x6e;&#x65;&#115;&#x75;r&#x66;&#x40;&#103;&#x6d;a&#x69;&#x6c;&#46;&#x63;o&#x6d;\" target=\"_blank\" rel=\"noreferrer noopener\"> blackstonesurf&#64;gmail&#46;com.<\/a><\/p>\n\n\n\n<p><strong>Yoga y surf Precios de las habitaciones<\/strong><br\/><strong>Habitaci\u00f3n compartida <\/strong>\u00abPrecio por persona: 95,00\u20ac \/ Noche<strong>\u00ab<br\/>Habitaci\u00f3n doble <\/strong>\u00abPrecio por persona: 105,00\u20ac \/ Noche<strong>\u00ab<br\/>Habitaci\u00f3n individual <\/strong>\u00abPrecio por persona: 115,00\u20ac \/ Noche\u00bb<\/p>\n\n\n\n<div class=\"wp-block-buttons is-layout-flex wp-block-buttons-is-layout-flex\">\n<div class=\"wp-block-button is-style-secondary\"><a class=\"wp-block-button__link has-text-align-right wp-element-button\" href=\"https:\/\/www.blackstonesurfcamp.com\/es\/solicitud-de-reserva\/\">Consultar disponibilidad y precios &gt;<\/a><\/div>\n<\/div>\n<\/div>\n\n\n\n<div class=\"wp-block-column is-layout-flow wp-block-column-is-layout-flow\" style=\"flex-basis:33.33%\">\n<figure class=\"wp-block-image size-full\"><img loading=\"lazy\" decoding=\"async\" width=\"1000\" height=\"661\" src=\"https:\/\/www.blackstonesurfcamp.com\/wp-content\/uploads\/2023\/07\/IMG_4176.jpg\" alt=\"\" class=\"wp-image-214\" srcset=\"https:\/\/www.blackstonesurfcamp.com\/wp-content\/uploads\/2023\/07\/IMG_4176.jpg 1000w, https:\/\/www.blackstonesurfcamp.com\/wp-content\/uploads\/2023\/07\/IMG_4176-600x397.jpg 600w, https:\/\/www.blackstonesurfcamp.com\/wp-content\/uploads\/2023\/07\/IMG_4176-300x198.jpg 300w, https:\/\/www.blackstonesurfcamp.com\/wp-content\/uploads\/2023\/07\/IMG_4176-768x508.jpg 768w\" sizes=\"auto, (max-width: 1000px) 100vw, 1000px\" \/><\/figure>\n\n\n\n<figure class=\"wp-block-image size-full\"><img loading=\"lazy\" decoding=\"async\" width=\"1000\" height=\"562\" src=\"https:\/\/www.blackstonesurfcamp.com\/wp-content\/uploads\/2023\/07\/YOGA-PISCINA-BLACKSTONE-SURF.jpg\" alt=\"\" class=\"wp-image-124\" srcset=\"https:\/\/www.blackstonesurfcamp.com\/wp-content\/uploads\/2023\/07\/YOGA-PISCINA-BLACKSTONE-SURF.jpg 1000w, https:\/\/www.blackstonesurfcamp.com\/wp-content\/uploads\/2023\/07\/YOGA-PISCINA-BLACKSTONE-SURF-600x337.jpg 600w, https:\/\/www.blackstonesurfcamp.com\/wp-content\/uploads\/2023\/07\/YOGA-PISCINA-BLACKSTONE-SURF-300x169.jpg 300w, https:\/\/www.blackstonesurfcamp.com\/wp-content\/uploads\/2023\/07\/YOGA-PISCINA-BLACKSTONE-SURF-768x432.jpg 768w\" sizes=\"auto, (max-width: 1000px) 100vw, 1000px\" \/><\/figure>\n\n\n\n<figure class=\"wp-block-image size-large\"><img loading=\"lazy\" decoding=\"async\" width=\"1024\" height=\"684\" src=\"https:\/\/www.blackstonesurfcamp.com\/wp-content\/uploads\/2023\/08\/20200615_07_AB_Oneill_AW21_Womans_05472-1-1024x684.jpg\" alt=\"\" class=\"wp-image-2513\" srcset=\"https:\/\/www.blackstonesurfcamp.com\/wp-content\/uploads\/2023\/08\/20200615_07_AB_Oneill_AW21_Womans_05472-1-1024x684.jpg 1024w, https:\/\/www.blackstonesurfcamp.com\/wp-content\/uploads\/2023\/08\/20200615_07_AB_Oneill_AW21_Womans_05472-1-300x200.jpg 300w, https:\/\/www.blackstonesurfcamp.com\/wp-content\/uploads\/2023\/08\/20200615_07_AB_Oneill_AW21_Womans_05472-1-768x513.jpg 768w, https:\/\/www.blackstonesurfcamp.com\/wp-content\/uploads\/2023\/08\/20200615_07_AB_Oneill_AW21_Womans_05472-1-1536x1025.jpg 1536w, https:\/\/www.blackstonesurfcamp.com\/wp-content\/uploads\/2023\/08\/20200615_07_AB_Oneill_AW21_Womans_05472-1-2048x1367.jpg 2048w, https:\/\/www.blackstonesurfcamp.com\/wp-content\/uploads\/2023\/08\/20200615_07_AB_Oneill_AW21_Womans_05472-1-930x620.jpg 930w, https:\/\/www.blackstonesurfcamp.com\/wp-content\/uploads\/2023\/08\/20200615_07_AB_Oneill_AW21_Womans_05472-1-600x401.jpg 600w\" sizes=\"auto, (max-width: 1024px) 100vw, 1024px\" \/><\/figure>\n<\/div>\n<\/div>\n","protected":false},"excerpt":{"rendered":"<p>Pack Yoga Surf Precio por persona a partir de 95.00\u20ac \/ Noche El pack Yoga &amp; surf es para los surfistas que quieren practicar surf y combinarlo con sesiones de yoga. Se incluye 1 clase de surf por la ma\u00f1ana y 1 sesi\u00f3n de yoga por la tarde al d\u00edaDe lunes a viernes. Tenemos una&hellip;&nbsp;<a href=\"https:\/\/www.blackstonesurfcamp.com\/es\/pack-yoga-surf\/\" rel=\"bookmark\">Read More &raquo;<span class=\"screen-reader-text\">Pack Yoga Surf<\/span><\/a><\/p>\n","protected":false},"author":1,"featured_media":0,"parent":0,"menu_order":0,"comment_status":"closed","ping_status":"closed","template":"","meta":{"neve_meta_sidebar":"","neve_meta_container":"","neve_meta_enable_content_width":"","neve_meta_content_width":0,"neve_meta_title_alignment":"","neve_meta_author_avatar":"","neve_post_elements_order":"","neve_meta_disable_header":"","neve_meta_disable_footer":"","neve_meta_disable_title":"","neve_meta_reading_time":"","footnotes":""},"class_list":["post-3315","page","type-page","status-publish","hentry"],"_links":{"self":[{"href":"https:\/\/www.blackstonesurfcamp.com\/es\/wp-json\/wp\/v2\/pages\/3315","targetHints":{"allow":["GET"]}}],"collection":[{"href":"https:\/\/www.blackstonesurfcamp.com\/es\/wp-json\/wp\/v2\/pages"}],"about":[{"href":"https:\/\/www.blackstonesurfcamp.com\/es\/wp-json\/wp\/v2\/types\/page"}],"author":[{"embeddable":true,"href":"https:\/\/www.blackstonesurfcamp.com\/es\/wp-json\/wp\/v2\/users\/1"}],"replies":[{"embeddable":true,"href":"https:\/\/www.blackstonesurfcamp.com\/es\/wp-json\/wp\/v2\/comments?post=3315"}],"version-history":[{"count":10,"href":"https:\/\/www.blackstonesurfcamp.com\/es\/wp-json\/wp\/v2\/pages\/3315\/revisions"}],"predecessor-version":[{"id":6659,"href":"https:\/\/www.blackstonesurfcamp.com\/es\/wp-json\/wp\/v2\/pages\/3315\/revisions\/6659"}],"wp:attachment":[{"href":"https:\/\/www.blackstonesurfcamp.com\/es\/wp-json\/wp\/v2\/media?parent=3315"}],"curies":[{"name":"wp","href":"https:\/\/api.w.org\/{rel}","templated":true}]}}