{"id":3290,"date":"2023-07-08T16:42:16","date_gmt":"2023-07-08T16:42:16","guid":{"rendered":"https:\/\/www.blackstonesurfcamp.com\/pongase-en-contacto-con\/"},"modified":"2024-09-24T09:01:08","modified_gmt":"2024-09-24T09:01:08","slug":"pongase-en-contacto-con","status":"publish","type":"page","link":"https:\/\/www.blackstonesurfcamp.com\/es\/pongase-en-contacto-con\/","title":{"rendered":"P\u00f3ngase en contacto con"},"content":{"rendered":"\n<div style=\"height:30px\" aria-hidden=\"true\" class=\"wp-block-spacer\"><\/div>\n\n<h2 class=\"wp-block-heading has-text-align-center\">P\u00f3ngase en contacto con nosotros<\/h2>\n\n<div class=\"wp-block-columns is-layout-flex wp-container-core-columns-is-layout-9d6595d7 wp-block-columns-is-layout-flex\">\n<div class=\"wp-block-column is-layout-flow wp-block-column-is-layout-flow\" style=\"flex-basis:33%\">\n<h3 class=\"wp-block-heading\">Informaci\u00f3n de contacto<\/h3>\n\n\n\n<p> <i class=\"fas fa-phone\"><\/i>  Tel: +34 695 373 995<\/p>\n\n\n\n<p> <i class=\"fas fa-plane\"><\/i>  Traslados aeropuerto +34 685 128 689<\/p>\n\n\n\n<p> <i class=\"fas fa-envelope\"><\/i>  Correo electr\u00f3nico: <a href=\"&#x6d;&#x61;&#105;l&#x74;&#x6f;&#58;bl&#x61;&#x63;&#107;s&#x74;&#x6f;&#110;&#101;s&#x75;&#x72;&#102;&#64;&#x67;&#x6d;&#97;&#105;l&#x2e;&#x63;&#111;m\">&#98;&#x6c;&#x61;&#99;&#x6b;&#x73;t&#x6f;&#x6e;e&#115;&#x75;r&#102;&#x40;g&#109;&#x61;i&#108;&#x2e;c&#111;&#x6d;<\/a><\/p>\n\n\n\n<p><i class=\"fas fa-car\"><\/i>  Alquiler de coches: <a href=\"https:\/\/www.cicar.com\">https:\/\/www.cicar.com<\/a><\/p>\n\n\n\n<p><i class=\"fas fa-bus\"><\/i>  Informaci\u00f3n sobre autobuses: <a href=\"https:\/\/www.titsa.com\">https:\/\/www.titsa.com<\/a><\/p>\n\n\n\n<div style=\"height:30px\" aria-hidden=\"true\" class=\"wp-block-spacer\"><\/div>\n\n\n\n<h3 class=\"wp-block-heading\">Direcci\u00f3n<\/h3>\n\n\n\n<h4 class=\"wp-block-heading\">Campamento de surf<\/h4>\n\n\n\n<figure class=\"wp-block-image size-full\"><a href=\"https:\/\/goo.gl\/maps\/gzsdLCpi6wGUEsTe7\"><img loading=\"lazy\" decoding=\"async\" width=\"600\" height=\"194\" src=\"https:\/\/www.blackstonesurfcamp.com\/wp-content\/uploads\/2023\/07\/surfcamp_address1.png\" alt=\"\" class=\"wp-image-399\" srcset=\"https:\/\/www.blackstonesurfcamp.com\/wp-content\/uploads\/2023\/07\/surfcamp_address1.png 600w, https:\/\/www.blackstonesurfcamp.com\/wp-content\/uploads\/2023\/07\/surfcamp_address1-300x97.png 300w\" sizes=\"auto, (max-width: 600px) 100vw, 600px\" \/><\/a><\/figure>\n\n\n\n<div style=\"height:30px\" aria-hidden=\"true\" class=\"wp-block-spacer\"><\/div>\n\n\n\n<p>FINCA HOYA GRANDE TF &#8211; 47, KM 5, MARAZUL &#8211; ADEJE<br\/>TENERIFE<\/p>\n\n\n\n<h4 class=\"wp-block-heading\">Centro de surf<\/h4>\n\n\n\n<figure class=\"wp-block-image size-full\"><a href=\"https:\/\/goo.gl\/maps\/mWuhyJhbJhaEv43f8\"><img loading=\"lazy\" decoding=\"async\" width=\"382\" height=\"120\" src=\"https:\/\/www.blackstonesurfcamp.com\/wp-content\/uploads\/2023\/07\/surfcenter_address1.png\" alt=\"\" class=\"wp-image-400\" srcset=\"https:\/\/www.blackstonesurfcamp.com\/wp-content\/uploads\/2023\/07\/surfcenter_address1.png 382w, https:\/\/www.blackstonesurfcamp.com\/wp-content\/uploads\/2023\/07\/surfcenter_address1-300x94.png 300w\" sizes=\"auto, (max-width: 382px) 100vw, 382px\" \/><\/a><\/figure>\n\n\n\n<p>PASEO GUADALAJARA 39,PLAYA DE LAS AMERICAS<br\/>TENERIFE<\/p>\n<\/div>\n\n\n\n<div class=\"wp-block-column is-layout-flow wp-block-column-is-layout-flow\" style=\"flex-basis:66%\">\n<div class=\"wp-block-contact-form-7-contact-form-selector\">\n<div class=\"wpcf7 no-js\" id=\"wpcf7-f3397-o1\" lang=\"es-ES\" dir=\"ltr\" data-wpcf7-id=\"3397\">\n<div class=\"screen-reader-response\"><p role=\"status\" aria-live=\"polite\" aria-atomic=\"true\"><\/p> <ul><\/ul><\/div>\n<form action=\"\/es\/wp-json\/wp\/v2\/pages\/3290#wpcf7-f3397-o1\" method=\"post\" class=\"wpcf7-form init\" aria-label=\"Formulario de contacto\" novalidate=\"novalidate\" data-status=\"init\">\n<fieldset class=\"hidden-fields-container\"><input type=\"hidden\" name=\"_wpcf7\" value=\"3397\" \/><input type=\"hidden\" name=\"_wpcf7_version\" value=\"6.1.5\" \/><input type=\"hidden\" name=\"_wpcf7_locale\" value=\"es_ES\" \/><input type=\"hidden\" name=\"_wpcf7_unit_tag\" value=\"wpcf7-f3397-o1\" \/><input type=\"hidden\" name=\"_wpcf7_container_post\" value=\"0\" \/><input type=\"hidden\" name=\"_wpcf7_posted_data_hash\" value=\"\" \/><input type=\"hidden\" name=\"_uacf7_hidden_conditional_fields\" value=\"\" \/><input type=\"hidden\" name=\"_wpcf7_recaptcha_response\" value=\"\" \/>\n<\/fieldset>\n<div class=\"uacf7-form-wrapper-container uacf7-form-3397  \"><label>Nombre<\/label>\n<span class=\"wpcf7-form-control-wrap\" data-name=\"your-name\"><input size=\"40\" maxlength=\"400\" class=\"wpcf7-form-control wpcf7-text wpcf7-validates-as-required\" autocomplete=\"name\" aria-required=\"true\" aria-invalid=\"false\" value=\"\" type=\"text\" name=\"your-name\" \/><\/span> \n<label>Correo electr\u00f3nico<\/label>\n<span class=\"wpcf7-form-control-wrap\" data-name=\"your-email\"><input size=\"40\" maxlength=\"400\" class=\"wpcf7-form-control wpcf7-email wpcf7-validates-as-required wpcf7-text wpcf7-validates-as-email\" autocomplete=\"email\" aria-required=\"true\" aria-invalid=\"false\" value=\"\" type=\"email\" name=\"your-email\" \/><\/span>\n<label>Tel\u00e9fono<\/label>\n<span class=\"wpcf7-form-control-wrap\" data-name=\"phonetext-503\"><input size=\"40\" class=\"wpcf7-form-control wpcf7-phonetext wpcf7-validates-as-required wpcf7-text wpcf7-validates-as-phonetext\" aria-required=\"true\" aria-invalid=\"false\" value=\"\" type=\"text\" name=\"phonetext-503\" \/><input type=\"hidden\" name=\"phonetext-503-country-code\" class=\"wpcf7-phonetext-country-code\" \/><\/span>\n<label>Asunto<\/label>\n<span class=\"wpcf7-form-control-wrap\" data-name=\"your-subject\"><input size=\"40\" maxlength=\"400\" class=\"wpcf7-form-control wpcf7-text wpcf7-validates-as-required\" aria-required=\"true\" aria-invalid=\"false\" value=\"\" type=\"text\" name=\"your-subject\" \/><\/span>\n<label>Mensaje<\/label>\n<span class=\"wpcf7-form-control-wrap\" data-name=\"your-message\"><textarea cols=\"40\" rows=\"10\" maxlength=\"2000\" class=\"wpcf7-form-control wpcf7-textarea wpcf7-validates-as-required\" aria-required=\"true\" aria-invalid=\"false\" name=\"your-message\"><\/textarea><\/span>\n<input class=\"wpcf7-form-control wpcf7-submit has-spinner\" type=\"submit\" value=\"Enviar\" \/><\/div><div class=\"wpcf7-response-output\" aria-hidden=\"true\"><\/div>\n<\/form>\n<\/div>\n<\/div>\n<\/div>\n<\/div>\n","protected":false},"excerpt":{"rendered":"<p>P\u00f3ngase en contacto con nosotros Informaci\u00f3n de contacto Tel: +34 695 373 995 Traslados aeropuerto +34 685 128 689 Correo electr\u00f3nico: Alquiler de coches: https:\/\/www.cicar.com Informaci\u00f3n sobre autobuses: https:\/\/www.titsa.com Direcci\u00f3n Campamento de surf FINCA HOYA GRANDE TF &#8211; 47, KM 5, MARAZUL &#8211; ADEJETENERIFE Centro de surf PASEO GUADALAJARA 39,PLAYA DE LAS AMERICASTENERIFE<\/p>\n","protected":false},"author":1,"featured_media":0,"parent":0,"menu_order":0,"comment_status":"closed","ping_status":"closed","template":"","meta":{"neve_meta_sidebar":"","neve_meta_container":"","neve_meta_enable_content_width":"on","neve_meta_content_width":100,"neve_meta_title_alignment":"","neve_meta_author_avatar":"","neve_post_elements_order":"","neve_meta_disable_header":"","neve_meta_disable_footer":"","neve_meta_disable_title":"on","neve_meta_reading_time":"","footnotes":""},"class_list":["post-3290","page","type-page","status-publish","hentry"],"_links":{"self":[{"href":"https:\/\/www.blackstonesurfcamp.com\/es\/wp-json\/wp\/v2\/pages\/3290","targetHints":{"allow":["GET"]}}],"collection":[{"href":"https:\/\/www.blackstonesurfcamp.com\/es\/wp-json\/wp\/v2\/pages"}],"about":[{"href":"https:\/\/www.blackstonesurfcamp.com\/es\/wp-json\/wp\/v2\/types\/page"}],"author":[{"embeddable":true,"href":"https:\/\/www.blackstonesurfcamp.com\/es\/wp-json\/wp\/v2\/users\/1"}],"replies":[{"embeddable":true,"href":"https:\/\/www.blackstonesurfcamp.com\/es\/wp-json\/wp\/v2\/comments?post=3290"}],"version-history":[{"count":4,"href":"https:\/\/www.blackstonesurfcamp.com\/es\/wp-json\/wp\/v2\/pages\/3290\/revisions"}],"predecessor-version":[{"id":5806,"href":"https:\/\/www.blackstonesurfcamp.com\/es\/wp-json\/wp\/v2\/pages\/3290\/revisions\/5806"}],"wp:attachment":[{"href":"https:\/\/www.blackstonesurfcamp.com\/es\/wp-json\/wp\/v2\/media?parent=3290"}],"curies":[{"name":"wp","href":"https:\/\/api.w.org\/{rel}","templated":true}]}}